

{"id":2328,"date":"2020-01-19T18:00:09","date_gmt":"2020-01-19T18:00:09","guid":{"rendered":"https:\/\/molcer.com\/produits\/poincons\/mauvaise-face\/"},"modified":"2020-01-19T18:00:09","modified_gmt":"2020-01-19T18:00:09","slug":"mauvaise-face","status":"publish","type":"page","link":"https:\/\/molcer.com\/fr\/produits\/poincons\/mauvaise-face\/","title":{"rendered":"Mauvaise Face"},"content":{"rendered":"<p style=\"text-align: center;\"><strong>CONTRE-RELIEF<\/strong><\/p>\n<p style=\"text-align: center;\">Pour des reliefs de profondeur inf\u00e9rieure \u00e0 3.00mm, on g\u00e9n\u00e8re un moulage du poin\u00e7on normal, avec capacit\u00e9 de gomme irr\u00e9guli\u00e8re. Pour des reliefs de profondeur sup\u00e9rieure \u00e0 3.00mm, un moulage sp\u00e9cial est g\u00e9n\u00e9r\u00e9 pour maintenir le m\u00eame \u00e9paisseur de gomme dans tout le poin\u00e7on, avec une capacit\u00e9 uniforme de gomme de 0.7mm. Dans tous les poin\u00e7ons sup\u00e9rieurs une sortie d&#8217;air est m\u00e9canis\u00e9e dans les coins pour permettre la d\u00e9sa\u00e9ration durant l&#8217;\u00e9tape finale du pr\u00e9ssage.<\/p>\n<p>&nbsp;<\/p>\n<p style=\"text-align: center;\"><strong>HYDRAULIQUES (ISOSTATIQUES)<\/strong><\/p>\n<p style=\"text-align: center;\">Ils incorporent entre le corps du poin\u00e7on et le rev\u00eatement de gomme une chambre d&#8217;huile qui compense les h\u00e9t\u00e9rog\u00e9n\u00e9it\u00e9s dans la distribution de la charge des alv\u00e9oles, pour r\u00e9partir de la m\u00eame fa\u00e7on la pression en maintenant la compacit\u00e9 constante dans toute la pi\u00e8ce. La quantit\u00e9 d&#8217;huile ins\u00e9r\u00e9e dans chaque poin\u00e7on est adapt\u00e9e \u00e0 diff\u00e9rents formats et mat\u00e9riels, par ce qu&#8217;il n&#8217;est pas n\u00e9cessaire de la modifier. Cependant, le syst\u00e8me patent\u00e9 MOLCER d&#8217;injection d&#8217;huile (num\u00e9ro patente 9901069), permet de varier la quantit\u00e9 et la pression du liquide \u00e0 l&#8217;int\u00e9rieur du poin\u00e7on. Les poin\u00e7ons hydrauliques fabriqu\u00e9s par MOLCER \u00e9vitent la d\u00e9formation par des ondulations dans la face plate du carreau apr\u00e8s la cuisson, comme il succ\u00e8de avec l&#8217;usage de poin\u00e7ons hydrauliques conventionnels, il s&#8217;agit d\u00e9j\u00e0 d&#8217;un pav\u00e9, un rev\u00eatement ou un gr\u00e8s porcelain, en obtenant en m\u00eame temps une compactage parfaite.<br \/>\nQuelques types de<br \/>\npoin\u00e7ons hydrauliques:<br \/>\n-Syst\u00e8me de bouchon (hydraulique basique)<br \/>\n-Syst\u00e8me de prise rapide<br \/>\n-Syst\u00e8me de valve anti-retour<\/p>\n<p>&nbsp;<\/p>\n<p><img loading=\"lazy\" decoding=\"async\" class=\"alignnone size-medium wp-image-404\" src=\"http:\/\/molcer.com\/wp-content\/uploads\/2018\/03\/cara_cost-300x128.jpg\" alt=\"\" width=\"300\" height=\"128\" srcset=\"https:\/\/molcer.com\/wp-content\/uploads\/2018\/03\/cara_cost-300x128.jpg 300w, https:\/\/molcer.com\/wp-content\/uploads\/2018\/03\/cara_cost.jpg 317w\" sizes=\"auto, (max-width: 300px) 100vw, 300px\" \/><img loading=\"lazy\" decoding=\"async\" class=\"alignnone size-full wp-image-405\" src=\"http:\/\/localhost\/wp-content\/uploads\/2018\/03\/cara_cost1.jpg\" alt=\"\" width=\"266\" height=\"177\"><\/p>\n","protected":false},"excerpt":{"rendered":"<p>CONTRE-RELIEF Pour des reliefs de profondeur inf\u00e9rieure \u00e0 3.00mm, on g\u00e9n\u00e8re un moulage du poin\u00e7on normal, avec capacit\u00e9 de gomme irr\u00e9guli\u00e8re. Pour <\/p>\n","protected":false},"author":25,"featured_media":0,"parent":2305,"menu_order":0,"comment_status":"closed","ping_status":"closed","template":"fullwidth.php","meta":{"ngg_post_thumbnail":0,"footnotes":""},"class_list":["post-2328","page","type-page","status-publish","hentry"],"_links":{"self":[{"href":"https:\/\/molcer.com\/fr\/wp-json\/wp\/v2\/pages\/2328","targetHints":{"allow":["GET"]}}],"collection":[{"href":"https:\/\/molcer.com\/fr\/wp-json\/wp\/v2\/pages"}],"about":[{"href":"https:\/\/molcer.com\/fr\/wp-json\/wp\/v2\/types\/page"}],"author":[{"embeddable":true,"href":"https:\/\/molcer.com\/fr\/wp-json\/wp\/v2\/users\/25"}],"replies":[{"embeddable":true,"href":"https:\/\/molcer.com\/fr\/wp-json\/wp\/v2\/comments?post=2328"}],"version-history":[{"count":0,"href":"https:\/\/molcer.com\/fr\/wp-json\/wp\/v2\/pages\/2328\/revisions"}],"up":[{"embeddable":true,"href":"https:\/\/molcer.com\/fr\/wp-json\/wp\/v2\/pages\/2305"}],"wp:attachment":[{"href":"https:\/\/molcer.com\/fr\/wp-json\/wp\/v2\/media?parent=2328"}],"curies":[{"name":"wp","href":"https:\/\/api.w.org\/{rel}","templated":true}]}}