

{"id":2311,"date":"2020-01-19T18:00:07","date_gmt":"2020-01-19T18:00:07","guid":{"rendered":"https:\/\/molcer.com\/produits\/poincons\/relief\/"},"modified":"2020-01-19T18:00:07","modified_gmt":"2020-01-19T18:00:07","slug":"relief","status":"publish","type":"page","link":"https:\/\/molcer.com\/fr\/produits\/poincons\/relief\/","title":{"rendered":"Relief"},"content":{"rendered":"<p style=\"text-align: center;\"><strong>RELIEF<\/strong><\/p>\n<p style=\"text-align: center;\">Pour des reliefs de profondeur inf\u00e9rieure \u00e0 3.00mm, on g\u00e9n\u00e8re un moulage du poin\u00e7on normal, avec capacit\u00e9 de gomme irr\u00e9guli\u00e8re. Pour des reliefs de profondeur sup\u00e9rieure \u00e0 3.00mm, un moulage sp\u00e9cial est g\u00e9n\u00e9r\u00e9 pour maintenir le m\u00eame \u00e9paisseur de gomme dans tout le poin\u00e7on, avec une capacit\u00e9 uniforme de gomme de 0.7mm ce que l&#8217;on traduit dans des am\u00e9liorations de la texture<br \/>\ndu carreau.<\/p>\n<p>&nbsp;<\/p>\n<p><img loading=\"lazy\" decoding=\"async\" class=\"alignnone size-medium wp-image-254\" src=\"http:\/\/localhost\/wp-content\/uploads\/2018\/03\/relieve2-1-300x211.jpg\" alt=\"\" width=\"300\" height=\"211\" srcset=\"https:\/\/molcer.com\/wp-content\/uploads\/2018\/03\/relieve2-1-300x211.jpg 300w, https:\/\/molcer.com\/wp-content\/uploads\/2018\/03\/relieve2-1.jpg 735w\" sizes=\"auto, (max-width: 300px) 100vw, 300px\" \/> <img loading=\"lazy\" decoding=\"async\" class=\"alignnone size-medium wp-image-253\" src=\"http:\/\/localhost\/wp-content\/uploads\/2018\/03\/relieve1-1-300x81.jpg\" alt=\"\" width=\"300\" height=\"81\" srcset=\"https:\/\/molcer.com\/wp-content\/uploads\/2018\/03\/relieve1-1-300x81.jpg 300w, https:\/\/molcer.com\/wp-content\/uploads\/2018\/03\/relieve1-1-768x208.jpg 768w, https:\/\/molcer.com\/wp-content\/uploads\/2018\/03\/relieve1-1-1024x278.jpg 1024w, https:\/\/molcer.com\/wp-content\/uploads\/2018\/03\/relieve1-1.jpg 1166w\" sizes=\"auto, (max-width: 300px) 100vw, 300px\" \/> <img loading=\"lazy\" decoding=\"async\" class=\"alignnone size-medium wp-image-252\" src=\"http:\/\/localhost\/wp-content\/uploads\/2018\/03\/relieve-300x142.jpg\" alt=\"\" width=\"300\" height=\"142\" srcset=\"https:\/\/molcer.com\/wp-content\/uploads\/2018\/03\/relieve-300x142.jpg 300w, https:\/\/molcer.com\/wp-content\/uploads\/2018\/03\/relieve-768x362.jpg 768w, https:\/\/molcer.com\/wp-content\/uploads\/2018\/03\/relieve-1024x483.jpg 1024w, https:\/\/molcer.com\/wp-content\/uploads\/2018\/03\/relieve.jpg 1202w\" sizes=\"auto, (max-width: 300px) 100vw, 300px\" \/> <img loading=\"lazy\" decoding=\"async\" class=\"alignnone size-medium wp-image-251\" src=\"http:\/\/localhost\/wp-content\/uploads\/2018\/03\/relieve3-1-300x267.jpg\" alt=\"\" width=\"300\" height=\"267\" srcset=\"https:\/\/molcer.com\/wp-content\/uploads\/2018\/03\/relieve3-1-300x267.jpg 300w, https:\/\/molcer.com\/wp-content\/uploads\/2018\/03\/relieve3-1.jpg 654w\" sizes=\"auto, (max-width: 300px) 100vw, 300px\" \/><\/p>\n","protected":false},"excerpt":{"rendered":"<p>RELIEF Pour des reliefs de profondeur inf\u00e9rieure \u00e0 3.00mm, on g\u00e9n\u00e8re un moulage du poin\u00e7on normal, avec capacit\u00e9 de gomme irr\u00e9guli\u00e8re. Pour des rel<\/p>\n","protected":false},"author":25,"featured_media":0,"parent":2305,"menu_order":0,"comment_status":"closed","ping_status":"closed","template":"fullwidth.php","meta":{"ngg_post_thumbnail":0,"footnotes":""},"class_list":["post-2311","page","type-page","status-publish","hentry"],"_links":{"self":[{"href":"https:\/\/molcer.com\/fr\/wp-json\/wp\/v2\/pages\/2311","targetHints":{"allow":["GET"]}}],"collection":[{"href":"https:\/\/molcer.com\/fr\/wp-json\/wp\/v2\/pages"}],"about":[{"href":"https:\/\/molcer.com\/fr\/wp-json\/wp\/v2\/types\/page"}],"author":[{"embeddable":true,"href":"https:\/\/molcer.com\/fr\/wp-json\/wp\/v2\/users\/25"}],"replies":[{"embeddable":true,"href":"https:\/\/molcer.com\/fr\/wp-json\/wp\/v2\/comments?post=2311"}],"version-history":[{"count":0,"href":"https:\/\/molcer.com\/fr\/wp-json\/wp\/v2\/pages\/2311\/revisions"}],"up":[{"embeddable":true,"href":"https:\/\/molcer.com\/fr\/wp-json\/wp\/v2\/pages\/2305"}],"wp:attachment":[{"href":"https:\/\/molcer.com\/fr\/wp-json\/wp\/v2\/media?parent=2311"}],"curies":[{"name":"wp","href":"https:\/\/api.w.org\/{rel}","templated":true}]}}