

{"id":2310,"date":"2020-01-19T18:00:07","date_gmt":"2020-01-19T18:00:07","guid":{"rendered":"https:\/\/molcer.com\/produits\/poincons\/belle-face\/"},"modified":"2020-01-19T18:00:07","modified_gmt":"2020-01-19T18:00:07","slug":"belle-face","status":"publish","type":"page","link":"https:\/\/molcer.com\/fr\/produits\/poincons\/belle-face\/","title":{"rendered":"Belle Face"},"content":{"rendered":"<p style=\"text-align: center;\"><strong>LISSES<\/strong><\/p>\n<p style=\"text-align: center;\">Se fabriquent avec m\u00e9canisage sp\u00e9cial pour affirmer l&#8217;\u00e9paisseur minimale de gomme (0.3mm de gomme), et une finition exceptionnelle, qui \u00e9vite des d\u00e9fauts dans les carreaux en g\u00e9n\u00e9rant une texture compl\u00e8tement lisse (plate).<\/p>\n","protected":false},"excerpt":{"rendered":"<p>LISSES Se fabriquent avec m\u00e9canisage sp\u00e9cial pour affirmer l&#8217;\u00e9paisseur minimale de gomme (0.3mm de gomme), et une finition exceptionnelle, qui \u00e9v<\/p>\n","protected":false},"author":25,"featured_media":0,"parent":2305,"menu_order":0,"comment_status":"closed","ping_status":"closed","template":"fullwidth.php","meta":{"ngg_post_thumbnail":0,"footnotes":""},"class_list":["post-2310","page","type-page","status-publish","hentry"],"_links":{"self":[{"href":"https:\/\/molcer.com\/fr\/wp-json\/wp\/v2\/pages\/2310","targetHints":{"allow":["GET"]}}],"collection":[{"href":"https:\/\/molcer.com\/fr\/wp-json\/wp\/v2\/pages"}],"about":[{"href":"https:\/\/molcer.com\/fr\/wp-json\/wp\/v2\/types\/page"}],"author":[{"embeddable":true,"href":"https:\/\/molcer.com\/fr\/wp-json\/wp\/v2\/users\/25"}],"replies":[{"embeddable":true,"href":"https:\/\/molcer.com\/fr\/wp-json\/wp\/v2\/comments?post=2310"}],"version-history":[{"count":0,"href":"https:\/\/molcer.com\/fr\/wp-json\/wp\/v2\/pages\/2310\/revisions"}],"up":[{"embeddable":true,"href":"https:\/\/molcer.com\/fr\/wp-json\/wp\/v2\/pages\/2305"}],"wp:attachment":[{"href":"https:\/\/molcer.com\/fr\/wp-json\/wp\/v2\/media?parent=2310"}],"curies":[{"name":"wp","href":"https:\/\/api.w.org\/{rel}","templated":true}]}}