

{"id":2306,"date":"2020-01-19T18:00:07","date_gmt":"2020-01-19T18:00:07","guid":{"rendered":"https:\/\/molcer.com\/produits\/matrices\/matrices-calibre\/"},"modified":"2020-01-19T18:00:07","modified_gmt":"2020-01-19T18:00:07","slug":"matrices-calibre","status":"publish","type":"page","link":"https:\/\/molcer.com\/fr\/produits\/matrices\/matrices-calibre\/","title":{"rendered":"Matrices Calibre"},"content":{"rendered":"<p style=\"text-align: center;\"><strong>MATRICES CALIBRE<\/strong><\/p>\n<p style=\"text-align: center;\">Des matrices calibre sont fabriqu\u00e9es \u00e0 partir des lames en aluminium rectifi\u00e9 qui simulent les carreaux.<\/p>\n<p>&nbsp;<\/p>\n<p><img loading=\"lazy\" decoding=\"async\" class=\"size-medium wp-image-430 aligncenter\" src=\"http:\/\/molcer.com\/wp-content\/uploads\/2018\/03\/plant_cal1-300x300.jpg\" alt=\"\" width=\"300\" height=\"300\" srcset=\"https:\/\/molcer.com\/wp-content\/uploads\/2018\/03\/plant_cal1-300x300.jpg 300w, https:\/\/molcer.com\/wp-content\/uploads\/2018\/03\/plant_cal1-150x150.jpg 150w, https:\/\/molcer.com\/wp-content\/uploads\/2018\/03\/plant_cal1.jpg 599w\" sizes=\"auto, (max-width: 300px) 100vw, 300px\" \/> <img loading=\"lazy\" decoding=\"async\" class=\"size-medium wp-image-429 aligncenter\" src=\"http:\/\/molcer.com\/wp-content\/uploads\/2018\/03\/plant_cal-300x300.jpg\" alt=\"\" width=\"300\" height=\"300\" srcset=\"https:\/\/molcer.com\/wp-content\/uploads\/2018\/03\/plant_cal-300x300.jpg 300w, https:\/\/molcer.com\/wp-content\/uploads\/2018\/03\/plant_cal-150x150.jpg 150w, https:\/\/molcer.com\/wp-content\/uploads\/2018\/03\/plant_cal.jpg 596w\" sizes=\"auto, (max-width: 300px) 100vw, 300px\" \/> <img loading=\"lazy\" decoding=\"async\" class=\"size-medium wp-image-428 aligncenter\" src=\"http:\/\/molcer.com\/wp-content\/uploads\/2018\/03\/plan_cali2-298x300.jpg\" alt=\"\" width=\"298\" height=\"300\" srcset=\"https:\/\/molcer.com\/wp-content\/uploads\/2018\/03\/plan_cali2-298x300.jpg 298w, https:\/\/molcer.com\/wp-content\/uploads\/2018\/03\/plan_cali2-150x150.jpg 150w, https:\/\/molcer.com\/wp-content\/uploads\/2018\/03\/plan_cali2.jpg 589w\" sizes=\"auto, (max-width: 298px) 100vw, 298px\" \/><\/p>\n","protected":false},"excerpt":{"rendered":"<p>MATRICES CALIBRE Des matrices calibre sont fabriqu\u00e9es \u00e0 partir des lames en aluminium rectifi\u00e9 qui simulent les carreaux. &nbsp;<\/p>\n","protected":false},"author":25,"featured_media":0,"parent":2296,"menu_order":0,"comment_status":"closed","ping_status":"closed","template":"fullwidth.php","meta":{"ngg_post_thumbnail":0,"footnotes":""},"class_list":["post-2306","page","type-page","status-publish","hentry"],"_links":{"self":[{"href":"https:\/\/molcer.com\/fr\/wp-json\/wp\/v2\/pages\/2306","targetHints":{"allow":["GET"]}}],"collection":[{"href":"https:\/\/molcer.com\/fr\/wp-json\/wp\/v2\/pages"}],"about":[{"href":"https:\/\/molcer.com\/fr\/wp-json\/wp\/v2\/types\/page"}],"author":[{"embeddable":true,"href":"https:\/\/molcer.com\/fr\/wp-json\/wp\/v2\/users\/25"}],"replies":[{"embeddable":true,"href":"https:\/\/molcer.com\/fr\/wp-json\/wp\/v2\/comments?post=2306"}],"version-history":[{"count":0,"href":"https:\/\/molcer.com\/fr\/wp-json\/wp\/v2\/pages\/2306\/revisions"}],"up":[{"embeddable":true,"href":"https:\/\/molcer.com\/fr\/wp-json\/wp\/v2\/pages\/2296"}],"wp:attachment":[{"href":"https:\/\/molcer.com\/fr\/wp-json\/wp\/v2\/media?parent=2306"}],"curies":[{"name":"wp","href":"https:\/\/api.w.org\/{rel}","templated":true}]}}