

{"id":2305,"date":"2020-01-19T18:00:07","date_gmt":"2020-01-19T18:00:07","guid":{"rendered":"https:\/\/molcer.com\/produits\/poincons\/"},"modified":"2020-01-19T18:00:07","modified_gmt":"2020-01-19T18:00:07","slug":"poincons","status":"publish","type":"page","link":"https:\/\/molcer.com\/fr\/produits\/poincons\/","title":{"rendered":"Poin\u00c7ons"},"content":{"rendered":"<blockquote>\n<p style=\"text-align: center;\">Les poin\u00e7ons sont les \u00e9l\u00e9ments qui octroient la forme aux visages du carreau. Se fabriquent en acier F-114 et les zones plus expos\u00e9es \u00e0 l&#8217;usure se renforcent avec des cordons de soudure en aciers de grande r\u00e9sistance qui sont rectifi\u00e9s aux dimensions \u00e9tablies. En g\u00e9n\u00e9ral la surface des poin\u00e7ons est rev\u00eatue avec une gomme vulcanis\u00e9e, qui \u00e9vite l&#8217;empl\u00e2tre de la poussi\u00e8re et permet le fonctionnement continu de la presse. MOLCER produit la r\u00e9sine qu&#8217;applique \u00e0 tous ses poin\u00e7ons. A l&#8217;avant-garde de la derni\u00e8re technologie sur ce champ, une qualit\u00e9, une dur\u00e9e et des b\u00e9n\u00e9fices utilisent le meilleur recouvrement pour la meilleure relation, en adaptant la r\u00e9sine \u00e0 sa mati\u00e8re premi\u00e8re : en obtenant la duret\u00e9 parfaite et la plus grande r\u00e9sistance. Il y a des cas dont les poin\u00e7ons sont utilis\u00e9s sans rev\u00eatement avec surface polie au moyen de rectification, auxquels il s&#8217;applique un processus de trempe pour am\u00e9liorer sa r\u00e9sistance.<\/p>\n<\/blockquote>\n","protected":false},"excerpt":{"rendered":"<p>Les poin\u00e7ons sont les \u00e9l\u00e9ments qui octroient la forme aux visages du carreau. Se fabriquent en acier F-114 et les zones plus expos\u00e9es \u00e0 l&#8217;usure <\/p>\n","protected":false},"author":25,"featured_media":0,"parent":2048,"menu_order":0,"comment_status":"closed","ping_status":"closed","template":"","meta":{"ngg_post_thumbnail":0,"footnotes":""},"class_list":["post-2305","page","type-page","status-publish","hentry"],"_links":{"self":[{"href":"https:\/\/molcer.com\/fr\/wp-json\/wp\/v2\/pages\/2305","targetHints":{"allow":["GET"]}}],"collection":[{"href":"https:\/\/molcer.com\/fr\/wp-json\/wp\/v2\/pages"}],"about":[{"href":"https:\/\/molcer.com\/fr\/wp-json\/wp\/v2\/types\/page"}],"author":[{"embeddable":true,"href":"https:\/\/molcer.com\/fr\/wp-json\/wp\/v2\/users\/25"}],"replies":[{"embeddable":true,"href":"https:\/\/molcer.com\/fr\/wp-json\/wp\/v2\/comments?post=2305"}],"version-history":[{"count":0,"href":"https:\/\/molcer.com\/fr\/wp-json\/wp\/v2\/pages\/2305\/revisions"}],"up":[{"embeddable":true,"href":"https:\/\/molcer.com\/fr\/wp-json\/wp\/v2\/pages\/2048"}],"wp:attachment":[{"href":"https:\/\/molcer.com\/fr\/wp-json\/wp\/v2\/media?parent=2305"}],"curies":[{"name":"wp","href":"https:\/\/api.w.org\/{rel}","templated":true}]}}