

{"id":2296,"date":"2020-01-19T18:00:06","date_gmt":"2020-01-19T18:00:06","guid":{"rendered":"https:\/\/molcer.com\/produits\/matrices\/"},"modified":"2020-01-19T18:00:06","modified_gmt":"2020-01-19T18:00:06","slug":"matrices","status":"publish","type":"page","link":"https:\/\/molcer.com\/fr\/produits\/matrices\/","title":{"rendered":"Matrices"},"content":{"rendered":"<blockquote>\n<p style=\"text-align: center;\">A Molcer on fabrique toute esp\u00e8ce de matrices de haute qualit\u00e9. L&#8217;\u00e9tape de fabrication de la matrice vient pr\u00e9c\u00e9d\u00e9e dun \u00e9tude pr\u00e9alable et une consultation au client sur le propre dessin \u00e0 m\u00e9caniser, avec l&#8217;intention d&#8217;\u00e9viter l&#8217;apparition d&#8217;erreurs dans les \u00e9tapes post\u00e9rieures. Une \u00e9quipe de professionnels obtient des d\u00e9veloppements \u00e0 partir des pi\u00e8ces naturelles, digitalisation des \u00e9chantillons des clients, des images, etc, et on les transforme en programme de m\u00e9canisage entendible par les fraiseuses, qui gr\u00e8vent le dessin sur la matrice, qui par la suite est pr\u00e9par\u00e9e \u00e0 l&#8217;op\u00e9ration de gommage des poin\u00e7ons.<\/p>\n<\/blockquote>\n","protected":false},"excerpt":{"rendered":"<p>A Molcer on fabrique toute esp\u00e8ce de matrices de haute qualit\u00e9. L&#8217;\u00e9tape de fabrication de la matrice vient pr\u00e9c\u00e9d\u00e9e dun \u00e9tude pr\u00e9alable et un<\/p>\n","protected":false},"author":25,"featured_media":0,"parent":2048,"menu_order":0,"comment_status":"closed","ping_status":"closed","template":"","meta":{"ngg_post_thumbnail":0,"footnotes":""},"class_list":["post-2296","page","type-page","status-publish","hentry"],"_links":{"self":[{"href":"https:\/\/molcer.com\/fr\/wp-json\/wp\/v2\/pages\/2296","targetHints":{"allow":["GET"]}}],"collection":[{"href":"https:\/\/molcer.com\/fr\/wp-json\/wp\/v2\/pages"}],"about":[{"href":"https:\/\/molcer.com\/fr\/wp-json\/wp\/v2\/types\/page"}],"author":[{"embeddable":true,"href":"https:\/\/molcer.com\/fr\/wp-json\/wp\/v2\/users\/25"}],"replies":[{"embeddable":true,"href":"https:\/\/molcer.com\/fr\/wp-json\/wp\/v2\/comments?post=2296"}],"version-history":[{"count":0,"href":"https:\/\/molcer.com\/fr\/wp-json\/wp\/v2\/pages\/2296\/revisions"}],"up":[{"embeddable":true,"href":"https:\/\/molcer.com\/fr\/wp-json\/wp\/v2\/pages\/2048"}],"wp:attachment":[{"href":"https:\/\/molcer.com\/fr\/wp-json\/wp\/v2\/media?parent=2296"}],"curies":[{"name":"wp","href":"https:\/\/api.w.org\/{rel}","templated":true}]}}