

{"id":2292,"date":"2020-01-19T18:00:06","date_gmt":"2020-01-19T18:00:06","guid":{"rendered":"https:\/\/molcer.com\/produits\/plaques-superieures\/plaque-superieure-magnetique\/"},"modified":"2020-01-19T18:00:06","modified_gmt":"2020-01-19T18:00:06","slug":"plaque-superieure-magnetique","status":"publish","type":"page","link":"https:\/\/molcer.com\/fr\/produits\/plaques-superieures\/plaque-superieure-magnetique\/","title":{"rendered":"Plaque Superieure Magn\u00e9tique"},"content":{"rendered":"<p style=\"text-align: center;\"><strong>PLAQUE SUPERIEURE MAGN\u00c9TIQUE<\/strong><\/p>\n<p style=\"text-align: center;\">La plaque sup\u00e9rieure contient une s\u00e9rie de bobines strat\u00e9giquement distribu\u00e9es qui g\u00e9n\u00e8rent un champ magn\u00e9tique constant sur toute la surface et sont travers\u00e9es d&#8217;un courant \u00e9lectrique, qui doit se maintenir \u00e0 chaque instant. Les poin\u00e7ons, positionn\u00e9s avec des centreurs, restent aimant\u00e9s et fixes dans la position d\u00e9sir\u00e9e. La plaque est dot\u00e9e d&#8217;un syst\u00e8me de chauffage form\u00e9 par l&#8217;ensemble de r\u00e9sistances internes qui chauffent la plaque de forme homog\u00e8ne. Ce type de plaques facilitent le changement de formats puisqu&#8217;elles permettent de positionner toute esp\u00e8ce de poin\u00e7ons.<\/p>\n<p>&nbsp;<\/p>\n<p><img loading=\"lazy\" decoding=\"async\" class=\"alignnone size-medium wp-image-242\" src=\"http:\/\/molcer.com\/wp-content\/uploads\/2018\/03\/placa_sup_magnetica-300x180.jpg\" alt=\"\" width=\"300\" height=\"180\" srcset=\"https:\/\/molcer.com\/wp-content\/uploads\/2018\/03\/placa_sup_magnetica-300x180.jpg 300w, https:\/\/molcer.com\/wp-content\/uploads\/2018\/03\/placa_sup_magnetica-768x461.jpg 768w, https:\/\/molcer.com\/wp-content\/uploads\/2018\/03\/placa_sup_magnetica-1024x615.jpg 1024w, https:\/\/molcer.com\/wp-content\/uploads\/2018\/03\/placa_sup_magnetica.jpg 1038w\" sizes=\"auto, (max-width: 300px) 100vw, 300px\" \/> <img loading=\"lazy\" decoding=\"async\" class=\"alignnone size-medium wp-image-240\" src=\"http:\/\/molcer.com\/wp-content\/uploads\/2018\/03\/placa_sup_magnetica2-300x93.jpg\" alt=\"\" width=\"300\" height=\"93\" srcset=\"https:\/\/molcer.com\/wp-content\/uploads\/2018\/03\/placa_sup_magnetica2-300x93.jpg 300w, https:\/\/molcer.com\/wp-content\/uploads\/2018\/03\/placa_sup_magnetica2.jpg 685w\" sizes=\"auto, (max-width: 300px) 100vw, 300px\" \/><\/p>\n","protected":false},"excerpt":{"rendered":"<p>PLAQUE SUPERIEURE MAGN\u00c9TIQUE La plaque sup\u00e9rieure contient une s\u00e9rie de bobines strat\u00e9giquement distribu\u00e9es qui g\u00e9n\u00e8rent un champ magn\u00e9tique consta<\/p>\n","protected":false},"author":25,"featured_media":0,"parent":2290,"menu_order":0,"comment_status":"closed","ping_status":"closed","template":"fullwidth.php","meta":{"ngg_post_thumbnail":0,"footnotes":""},"class_list":["post-2292","page","type-page","status-publish","hentry"],"_links":{"self":[{"href":"https:\/\/molcer.com\/fr\/wp-json\/wp\/v2\/pages\/2292","targetHints":{"allow":["GET"]}}],"collection":[{"href":"https:\/\/molcer.com\/fr\/wp-json\/wp\/v2\/pages"}],"about":[{"href":"https:\/\/molcer.com\/fr\/wp-json\/wp\/v2\/types\/page"}],"author":[{"embeddable":true,"href":"https:\/\/molcer.com\/fr\/wp-json\/wp\/v2\/users\/25"}],"replies":[{"embeddable":true,"href":"https:\/\/molcer.com\/fr\/wp-json\/wp\/v2\/comments?post=2292"}],"version-history":[{"count":0,"href":"https:\/\/molcer.com\/fr\/wp-json\/wp\/v2\/pages\/2292\/revisions"}],"up":[{"embeddable":true,"href":"https:\/\/molcer.com\/fr\/wp-json\/wp\/v2\/pages\/2290"}],"wp:attachment":[{"href":"https:\/\/molcer.com\/fr\/wp-json\/wp\/v2\/media?parent=2292"}],"curies":[{"name":"wp","href":"https:\/\/api.w.org\/{rel}","templated":true}]}}