

{"id":2290,"date":"2020-01-19T18:00:06","date_gmt":"2020-01-19T18:00:06","guid":{"rendered":"https:\/\/molcer.com\/produits\/plaques-superieures\/"},"modified":"2020-01-19T18:00:06","modified_gmt":"2020-01-19T18:00:06","slug":"plaques-superieures","status":"publish","type":"page","link":"https:\/\/molcer.com\/fr\/produits\/plaques-superieures\/","title":{"rendered":"Plaques Superieures"},"content":{"rendered":"<blockquote><p>La plaque sup\u00e9rieure constitue la connexion entre la traverse de la presse et les poin\u00e7ons sup\u00e9rieurs, lesquels sont attach\u00e9s \u00e0 celle la d&#8217;une forme compl\u00e8tement align\u00e9e avec les alv\u00e9oles. A MOLCER quelques types de plaques sup\u00e9rieures sont fabriqu\u00e9s avec lames en acier F- 114 de qualit\u00e9 maximale.<\/p><\/blockquote>\n","protected":false},"excerpt":{"rendered":"<p>La plaque sup\u00e9rieure constitue la connexion entre la traverse de la presse et les poin\u00e7ons sup\u00e9rieurs, lesquels sont attach\u00e9s \u00e0 celle la d&#8217;une f<\/p>\n","protected":false},"author":25,"featured_media":0,"parent":2048,"menu_order":0,"comment_status":"closed","ping_status":"closed","template":"","meta":{"ngg_post_thumbnail":0,"footnotes":""},"class_list":["post-2290","page","type-page","status-publish","hentry"],"_links":{"self":[{"href":"https:\/\/molcer.com\/fr\/wp-json\/wp\/v2\/pages\/2290","targetHints":{"allow":["GET"]}}],"collection":[{"href":"https:\/\/molcer.com\/fr\/wp-json\/wp\/v2\/pages"}],"about":[{"href":"https:\/\/molcer.com\/fr\/wp-json\/wp\/v2\/types\/page"}],"author":[{"embeddable":true,"href":"https:\/\/molcer.com\/fr\/wp-json\/wp\/v2\/users\/25"}],"replies":[{"embeddable":true,"href":"https:\/\/molcer.com\/fr\/wp-json\/wp\/v2\/comments?post=2290"}],"version-history":[{"count":0,"href":"https:\/\/molcer.com\/fr\/wp-json\/wp\/v2\/pages\/2290\/revisions"}],"up":[{"embeddable":true,"href":"https:\/\/molcer.com\/fr\/wp-json\/wp\/v2\/pages\/2048"}],"wp:attachment":[{"href":"https:\/\/molcer.com\/fr\/wp-json\/wp\/v2\/media?parent=2290"}],"curies":[{"name":"wp","href":"https:\/\/api.w.org\/{rel}","templated":true}]}}