

{"id":2289,"date":"2020-01-19T18:00:06","date_gmt":"2020-01-19T18:00:06","guid":{"rendered":"https:\/\/molcer.com\/plaque-superieure-electropermanente\/"},"modified":"2020-01-19T18:00:06","modified_gmt":"2020-01-19T18:00:06","slug":"plaque-superieure-electropermanente","status":"publish","type":"page","link":"https:\/\/molcer.com\/fr\/produits\/plaques-superieures\/plaque-superieure-electropermanente\/","title":{"rendered":"Plaque Superieure Electropermanente"},"content":{"rendered":"<p style=\"text-align: center;\"><strong>PLAQUE SUPERIEURE ELECTROPERMANENTE<\/strong><\/p>\n<p style=\"text-align: center;\">La plaque sup\u00e9rieure \u00e9lectropermanente est compos\u00e9e par multitude de noyaux ind\u00e9pendants distribu\u00e9s par toute la surface, de fa\u00e7on qu\u2019apr\u00e8s avoir appliqu\u00e9 un courant \u00e9lectrique, ils g\u00e9n\u00e8rent un champ magn\u00e9tique constant jusqu&#8217;\u00e0 ce qu&#8217;un changement de polarit\u00e9 ne se produise pas dans les noyaux. La plaque est dot\u00e9e d&#8217;un syst\u00e8me de chauffage form\u00e9 par l&#8217;ensemble de r\u00e9sistances internes qui chauffent la plaque de forme homog\u00e8ne.<\/p>\n<p>&nbsp;<\/p>\n<p><img loading=\"lazy\" decoding=\"async\" class=\"alignnone size-medium wp-image-241\" src=\"http:\/\/molcer.com\/wp-content\/uploads\/2018\/03\/placa_sup_electroperanente-300x250.jpg\" alt=\"\" width=\"300\" height=\"250\" srcset=\"https:\/\/molcer.com\/wp-content\/uploads\/2018\/03\/placa_sup_electroperanente-300x250.jpg 300w, https:\/\/molcer.com\/wp-content\/uploads\/2018\/03\/placa_sup_electroperanente.jpg 637w\" sizes=\"auto, (max-width: 300px) 100vw, 300px\" \/><\/p>\n<p>&nbsp;<\/p>\n","protected":false},"excerpt":{"rendered":"<p>PLAQUE SUPERIEURE ELECTROPERMANENTE La plaque sup\u00e9rieure \u00e9lectropermanente est compos\u00e9e par multitude de noyaux ind\u00e9pendants distribu\u00e9s par toute la s<\/p>\n","protected":false},"author":25,"featured_media":0,"parent":2290,"menu_order":0,"comment_status":"closed","ping_status":"closed","template":"fullwidth.php","meta":{"ngg_post_thumbnail":0,"footnotes":""},"class_list":["post-2289","page","type-page","status-publish","hentry"],"_links":{"self":[{"href":"https:\/\/molcer.com\/fr\/wp-json\/wp\/v2\/pages\/2289","targetHints":{"allow":["GET"]}}],"collection":[{"href":"https:\/\/molcer.com\/fr\/wp-json\/wp\/v2\/pages"}],"about":[{"href":"https:\/\/molcer.com\/fr\/wp-json\/wp\/v2\/types\/page"}],"author":[{"embeddable":true,"href":"https:\/\/molcer.com\/fr\/wp-json\/wp\/v2\/users\/25"}],"replies":[{"embeddable":true,"href":"https:\/\/molcer.com\/fr\/wp-json\/wp\/v2\/comments?post=2289"}],"version-history":[{"count":0,"href":"https:\/\/molcer.com\/fr\/wp-json\/wp\/v2\/pages\/2289\/revisions"}],"up":[{"embeddable":true,"href":"https:\/\/molcer.com\/fr\/wp-json\/wp\/v2\/pages\/2290"}],"wp:attachment":[{"href":"https:\/\/molcer.com\/fr\/wp-json\/wp\/v2\/media?parent=2289"}],"curies":[{"name":"wp","href":"https:\/\/api.w.org\/{rel}","templated":true}]}}