

{"id":2287,"date":"2020-01-19T18:00:05","date_gmt":"2020-01-19T18:00:05","guid":{"rendered":"https:\/\/molcer.com\/produits\/moules-complets\/moule-multiformats-avec-double-matrice\/"},"modified":"2020-01-19T18:00:05","modified_gmt":"2020-01-19T18:00:05","slug":"moule-multiformats-avec-double-matrice","status":"publish","type":"page","link":"https:\/\/molcer.com\/fr\/produits\/moules-complets\/moule-multiformats-avec-double-matrice\/","title":{"rendered":"Moule Multiformats avec double matrice"},"content":{"rendered":"<p style=\"text-align: center;\"><strong>MOULE MULTIFORMATS AVEC DOUBLE MATRICE<\/strong><\/p>\n<p style=\"text-align: center;\">Le moule est compos\u00e9 par une plaque de base, un \u00e9jecteur<br \/>\net une matrice fixe qui se maintiennent pour chaque format.<br \/>\nLe porte-bloquettes, le nombre de bloquettes et la matrice<br \/>\nmobile varaient selon le format et le nombre de sorties. La<br \/>\nmatrice mobile est mont\u00e9e sur celle fixe, qui contient<br \/>\ndes roulements extractifs pour faciliter l&#8217;\u00e9change<br \/>\ndes matrices. Tant le syst\u00e8me de chauffage comme<br \/>\ndu n\u00e9ttoyage (des souffleurs) sont incorpor\u00e9s \u00e0 la matrice fixe.<\/p>\n<p>&nbsp;<\/p>\n<p><img loading=\"lazy\" decoding=\"async\" class=\"size-medium wp-image-237 alignnone\" src=\"http:\/\/molcer.com\/wp-content\/uploads\/2018\/03\/molde_mult_dob_marco-300x204.jpg\" alt=\"\" width=\"300\" height=\"204\" srcset=\"https:\/\/molcer.com\/wp-content\/uploads\/2018\/03\/molde_mult_dob_marco-300x204.jpg 300w, https:\/\/molcer.com\/wp-content\/uploads\/2018\/03\/molde_mult_dob_marco-768x522.jpg 768w, https:\/\/molcer.com\/wp-content\/uploads\/2018\/03\/molde_mult_dob_marco.jpg 835w\" sizes=\"auto, (max-width: 300px) 100vw, 300px\" \/><\/p>\n<p>&nbsp;<\/p>\n<blockquote><p>Une variante pour les moules multiformats, c\u2019est l&#8217;utilisation d&#8217;une plaque \u00e9lectromagn\u00e9tique ou \u00e9lectropermanente que l&#8217;\u00e9jecteur substitue pour \u00e9viter la n\u00e9cessit\u00e9 de r\u00e9aliser multiples perc\u00e9es d\u2019attachement entre celle-ci et les bloquettes, en acc\u00e9l\u00e9rant le changement de format. De cette fa\u00e7on, les bloquettes et\/ou les poin\u00e7ons inf\u00e9rieurs avec suppl\u00e9ments de chaque format, sont directement aimant\u00e9s dans la position correcte en employant des centreurs sans la n\u00e9cessit\u00e9 des boulons.<\/p><\/blockquote>\n","protected":false},"excerpt":{"rendered":"<p>MOULE MULTIFORMATS AVEC DOUBLE MATRICE Le moule est compos\u00e9 par une plaque de base, un \u00e9jecteur et une matrice fixe qui se maintiennent pour chaque forma<\/p>\n","protected":false},"author":25,"featured_media":0,"parent":2141,"menu_order":3,"comment_status":"closed","ping_status":"closed","template":"","meta":{"ngg_post_thumbnail":0,"footnotes":""},"class_list":["post-2287","page","type-page","status-publish","hentry"],"_links":{"self":[{"href":"https:\/\/molcer.com\/fr\/wp-json\/wp\/v2\/pages\/2287","targetHints":{"allow":["GET"]}}],"collection":[{"href":"https:\/\/molcer.com\/fr\/wp-json\/wp\/v2\/pages"}],"about":[{"href":"https:\/\/molcer.com\/fr\/wp-json\/wp\/v2\/types\/page"}],"author":[{"embeddable":true,"href":"https:\/\/molcer.com\/fr\/wp-json\/wp\/v2\/users\/25"}],"replies":[{"embeddable":true,"href":"https:\/\/molcer.com\/fr\/wp-json\/wp\/v2\/comments?post=2287"}],"version-history":[{"count":0,"href":"https:\/\/molcer.com\/fr\/wp-json\/wp\/v2\/pages\/2287\/revisions"}],"up":[{"embeddable":true,"href":"https:\/\/molcer.com\/fr\/wp-json\/wp\/v2\/pages\/2141"}],"wp:attachment":[{"href":"https:\/\/molcer.com\/fr\/wp-json\/wp\/v2\/media?parent=2287"}],"curies":[{"name":"wp","href":"https:\/\/api.w.org\/{rel}","templated":true}]}}