

{"id":2283,"date":"2020-01-19T18:00:05","date_gmt":"2020-01-19T18:00:05","guid":{"rendered":"https:\/\/molcer.com\/produits\/moules-complets\/moule-multiformat\/"},"modified":"2020-01-19T18:00:05","modified_gmt":"2020-01-19T18:00:05","slug":"moule-multiformat","status":"publish","type":"page","link":"https:\/\/molcer.com\/fr\/produits\/moules-complets\/moule-multiformat\/","title":{"rendered":"Moule Multiformat"},"content":{"rendered":"<blockquote>\n<p style=\"text-align: left;\">Le moule multiformats permet de varier des parties d\u00e9termin\u00e9es<br \/>\ndu m\u00eame en permettant de changer tant le format press\u00e9<br \/>\ncomme le nombre de sorties du m\u00eame. On distingue<br \/>\nentre trois types diff\u00e9rents de moules multiformats.<\/p>\n<\/blockquote>\n<p style=\"text-align: center;\"><strong>MOULE<\/strong> MULTIFORMAT AVEC MATRICE INTERCHANGEABLE<strong><\/strong><\/p>\n<p style=\"text-align: center;\">La plaque de base et l\u2019\u00e9jecteur se maintiennent invariantes pour le<br \/>\nchangement de format, c&#8217;est la matrice avec<br \/>\nles bloquettes qui fournaient au moule le format<br \/>\nd\u00e9sir\u00e9. Pour r\u00e9aliser le changement, le moule est dot\u00e9<br \/>\ndes pistons hydrauliques qui \u00e9l\u00e8vent l\u2019ensemble bloquettes-<br \/>\nmatrice (unis par une platine) et permettent son extraction.<\/p>\n<p>&nbsp;<\/p>\n<p><img loading=\"lazy\" decoding=\"async\" class=\"wp-image-238 alignnone\" style=\"text-align: center;\" src=\"http:\/\/molcer.com\/wp-content\/uploads\/2018\/03\/molde_multiformato-300x157.jpg\" alt=\"\" width=\"304\" height=\"159\" srcset=\"https:\/\/molcer.com\/wp-content\/uploads\/2018\/03\/molde_multiformato-300x157.jpg 300w, https:\/\/molcer.com\/wp-content\/uploads\/2018\/03\/molde_multiformato-768x402.jpg 768w, https:\/\/molcer.com\/wp-content\/uploads\/2018\/03\/molde_multiformato-1024x536.jpg 1024w, https:\/\/molcer.com\/wp-content\/uploads\/2018\/03\/molde_multiformato.jpg 1194w\" sizes=\"auto, (max-width: 304px) 100vw, 304px\" \/><\/p>\n<p>&nbsp;<\/p>\n<p>&nbsp;<\/p>\n<p><img loading=\"lazy\" decoding=\"async\" class=\"wp-image-285 size-medium alignnone\" src=\"http:\/\/molcer.com\/wp-content\/uploads\/2018\/03\/molde_multiformato3-300x142.jpg\" alt=\"\" width=\"300\" height=\"142\" srcset=\"https:\/\/molcer.com\/wp-content\/uploads\/2018\/03\/molde_multiformato3-300x142.jpg 300w, https:\/\/molcer.com\/wp-content\/uploads\/2018\/03\/molde_multiformato3-768x365.jpg 768w, https:\/\/molcer.com\/wp-content\/uploads\/2018\/03\/molde_multiformato3-1024x486.jpg 1024w, https:\/\/molcer.com\/wp-content\/uploads\/2018\/03\/molde_multiformato3.jpg 1184w\" sizes=\"auto, (max-width: 300px) 100vw, 300px\" \/><img loading=\"lazy\" decoding=\"async\" class=\"wp-image-284 size-medium alignnone\" style=\"text-align: center;\" src=\"http:\/\/molcer.com\/wp-content\/uploads\/2018\/03\/molde_multiformato2-300x148.jpg\" alt=\"\" width=\"300\" height=\"148\" srcset=\"https:\/\/molcer.com\/wp-content\/uploads\/2018\/03\/molde_multiformato2-300x148.jpg 300w, https:\/\/molcer.com\/wp-content\/uploads\/2018\/03\/molde_multiformato2-768x379.jpg 768w, https:\/\/molcer.com\/wp-content\/uploads\/2018\/03\/molde_multiformato2-1024x506.jpg 1024w, https:\/\/molcer.com\/wp-content\/uploads\/2018\/03\/molde_multiformato2.jpg 1180w\" sizes=\"auto, (max-width: 300px) 100vw, 300px\" \/><\/p>\n<p>&nbsp;<\/p>\n","protected":false},"excerpt":{"rendered":"<p>Le moule multiformats permet de varier des parties d\u00e9termin\u00e9es du m\u00eame en permettant de changer tant le format press\u00e9 comme le nombre de sorties du m\u00ea<\/p>\n","protected":false},"author":25,"featured_media":0,"parent":2141,"menu_order":0,"comment_status":"closed","ping_status":"closed","template":"fullwidth.php","meta":{"ngg_post_thumbnail":0,"footnotes":""},"class_list":["post-2283","page","type-page","status-publish","hentry"],"_links":{"self":[{"href":"https:\/\/molcer.com\/fr\/wp-json\/wp\/v2\/pages\/2283","targetHints":{"allow":["GET"]}}],"collection":[{"href":"https:\/\/molcer.com\/fr\/wp-json\/wp\/v2\/pages"}],"about":[{"href":"https:\/\/molcer.com\/fr\/wp-json\/wp\/v2\/types\/page"}],"author":[{"embeddable":true,"href":"https:\/\/molcer.com\/fr\/wp-json\/wp\/v2\/users\/25"}],"replies":[{"embeddable":true,"href":"https:\/\/molcer.com\/fr\/wp-json\/wp\/v2\/comments?post=2283"}],"version-history":[{"count":0,"href":"https:\/\/molcer.com\/fr\/wp-json\/wp\/v2\/pages\/2283\/revisions"}],"up":[{"embeddable":true,"href":"https:\/\/molcer.com\/fr\/wp-json\/wp\/v2\/pages\/2141"}],"wp:attachment":[{"href":"https:\/\/molcer.com\/fr\/wp-json\/wp\/v2\/media?parent=2283"}],"curies":[{"name":"wp","href":"https:\/\/api.w.org\/{rel}","templated":true}]}}