

{"id":2282,"date":"2020-01-19T18:00:05","date_gmt":"2020-01-19T18:00:05","guid":{"rendered":"https:\/\/molcer.com\/produits\/moules-complets\/moule-miroir\/"},"modified":"2020-01-19T18:00:05","modified_gmt":"2020-01-19T18:00:05","slug":"moule-miroir","status":"publish","type":"page","link":"https:\/\/molcer.com\/fr\/produits\/moules-complets\/moule-miroir\/","title":{"rendered":"Moule Miroir"},"content":{"rendered":"<p style=\"text-align: center;\"><strong>MOULE MIROIR<\/strong><\/p>\n<blockquote>\n<p style=\"text-align: center;\">Dans le moule miroir la pression est produite par les poin\u00e7ons sup\u00e9rieurs, qui, ayant une surface plus grande que les alv\u00e9oles ne peuvent pas p\u00e9n\u00e9trer et restent appuy\u00e9s \u00e0 la matrice et c\u2019est avec la descente de la matrice quand le pressage se produit. Ce type de moules permettent aussi de presser aussi la belle face du carreau en haut.<\/p>\n<\/blockquote>\n","protected":false},"excerpt":{"rendered":"<p>MOULE MIROIR Dans le moule miroir la pression est produite par les poin\u00e7ons sup\u00e9rieurs, qui, ayant une surface plus grande que les alv\u00e9oles ne peuvent p<\/p>\n","protected":false},"author":25,"featured_media":0,"parent":2141,"menu_order":0,"comment_status":"closed","ping_status":"closed","template":"","meta":{"ngg_post_thumbnail":0,"footnotes":""},"class_list":["post-2282","page","type-page","status-publish","hentry"],"_links":{"self":[{"href":"https:\/\/molcer.com\/fr\/wp-json\/wp\/v2\/pages\/2282","targetHints":{"allow":["GET"]}}],"collection":[{"href":"https:\/\/molcer.com\/fr\/wp-json\/wp\/v2\/pages"}],"about":[{"href":"https:\/\/molcer.com\/fr\/wp-json\/wp\/v2\/types\/page"}],"author":[{"embeddable":true,"href":"https:\/\/molcer.com\/fr\/wp-json\/wp\/v2\/users\/25"}],"replies":[{"embeddable":true,"href":"https:\/\/molcer.com\/fr\/wp-json\/wp\/v2\/comments?post=2282"}],"version-history":[{"count":0,"href":"https:\/\/molcer.com\/fr\/wp-json\/wp\/v2\/pages\/2282\/revisions"}],"up":[{"embeddable":true,"href":"https:\/\/molcer.com\/fr\/wp-json\/wp\/v2\/pages\/2141"}],"wp:attachment":[{"href":"https:\/\/molcer.com\/fr\/wp-json\/wp\/v2\/media?parent=2282"}],"curies":[{"name":"wp","href":"https:\/\/api.w.org\/{rel}","templated":true}]}}