

{"id":2274,"date":"2020-01-19T18:00:02","date_gmt":"2020-01-19T18:00:02","guid":{"rendered":"https:\/\/molcer.com\/produits\/plaques\/"},"modified":"2020-01-19T18:00:02","modified_gmt":"2020-01-19T18:00:02","slug":"plaques","status":"publish","type":"page","link":"https:\/\/molcer.com\/fr\/produits\/plaques\/","title":{"rendered":"Plaques"},"content":{"rendered":"<blockquote><p>La plaque de base est situ\u00e9e \u00e0 ras de la matrice et a la fonction d&#8217;accumuler la terre qui laisse tomber la tr\u00e9mie \u00e0 travers de la grille jusqu&#8217;\u00e0 ce qu&#8217;elle soit conduite aux alv\u00e9oles. Selon le mat\u00e9riel employ\u00e9 pour sa fabrication elle se distingue entre :<\/p><\/blockquote>\n<p>&nbsp;<\/p>\n<p><strong>PLAQUES TEFLONIS\u00c9ES<\/strong><br \/>\nElles sont recouvertes de t\u00e9flon qui \u00e9vite la contamination de la charge et l&#8217;empl\u00e2tre de la terre. On se dispose de plusieurs mod\u00e8les selon le go\u00fbt du client<br \/>\nT\u00e9flon blanc.<br \/>\nT\u00e9flon bleu.<br \/>\nInoxidable (Miroir).<\/p>\n<p>&nbsp;<\/p>\n<p><strong>PLAQUES SYSTEME VERRE<\/strong><br \/>\nLa plaque est fabriqu\u00e9e \u00e0 partir d&#8217;une lame en verre de haute qualit\u00e9 qui est caract\u00e9ris\u00e9e par une surface compl\u00e8tement lisse (plate) et antiadh\u00e9sive.<\/p>\n","protected":false},"excerpt":{"rendered":"<p>La plaque de base est situ\u00e9e \u00e0 ras de la matrice et a la fonction d&#8217;accumuler la terre qui laisse tomber la tr\u00e9mie \u00e0 travers de la grille jusqu&#038;#<\/p>\n","protected":false},"author":25,"featured_media":0,"parent":2048,"menu_order":0,"comment_status":"closed","ping_status":"closed","template":"","meta":{"ngg_post_thumbnail":0,"footnotes":""},"class_list":["post-2274","page","type-page","status-publish","hentry"],"_links":{"self":[{"href":"https:\/\/molcer.com\/fr\/wp-json\/wp\/v2\/pages\/2274","targetHints":{"allow":["GET"]}}],"collection":[{"href":"https:\/\/molcer.com\/fr\/wp-json\/wp\/v2\/pages"}],"about":[{"href":"https:\/\/molcer.com\/fr\/wp-json\/wp\/v2\/types\/page"}],"author":[{"embeddable":true,"href":"https:\/\/molcer.com\/fr\/wp-json\/wp\/v2\/users\/25"}],"replies":[{"embeddable":true,"href":"https:\/\/molcer.com\/fr\/wp-json\/wp\/v2\/comments?post=2274"}],"version-history":[{"count":0,"href":"https:\/\/molcer.com\/fr\/wp-json\/wp\/v2\/pages\/2274\/revisions"}],"up":[{"embeddable":true,"href":"https:\/\/molcer.com\/fr\/wp-json\/wp\/v2\/pages\/2048"}],"wp:attachment":[{"href":"https:\/\/molcer.com\/fr\/wp-json\/wp\/v2\/media?parent=2274"}],"curies":[{"name":"wp","href":"https:\/\/api.w.org\/{rel}","templated":true}]}}