

{"id":2271,"date":"2020-01-19T18:00:02","date_gmt":"2020-01-19T18:00:02","guid":{"rendered":"https:\/\/molcer.com\/produits\/systemes-dautonettoyage\/"},"modified":"2020-01-19T18:00:02","modified_gmt":"2020-01-19T18:00:02","slug":"systemes-dautonettoyage","status":"publish","type":"page","link":"https:\/\/molcer.com\/fr\/produits\/systemes-dautonettoyage\/","title":{"rendered":"Systemes D&#8217;autonettoyage"},"content":{"rendered":"<blockquote>\n<p style=\"text-align: left;\">On fabrique plusieurs types de syst\u00e8mes d&#8217;auto-n\u00e9ttoayage pour \u00e9viter l&#8217;accumulation de poussi\u00e8re dans les zones de plus difficile acc\u00e8s du moule, surtout entre bloquettes. Les souffleurs consistent un syst\u00e8me qui pousse l\u2019air comprim\u00e9 \u00e0 travers des tuyaux ou des trous perc\u00e9s sur m\u00eame, en laissant libres de terre les zones o\u00f9<br \/>\ncela tend \u00e0 s&#8217;accumuler durant le pressage.<\/p>\n<\/blockquote>\n<p>&nbsp;<\/p>\n<p><img loading=\"lazy\" decoding=\"async\" class=\"size-medium wp-image-517 alignleft\" src=\"http:\/\/molcer.com\/wp-content\/uploads\/2018\/03\/autolimpieza-300x213.jpg\" alt=\"\" width=\"300\" height=\"213\" srcset=\"https:\/\/molcer.com\/wp-content\/uploads\/2018\/03\/autolimpieza-300x213.jpg 300w, https:\/\/molcer.com\/wp-content\/uploads\/2018\/03\/autolimpieza.jpg 638w\" sizes=\"auto, (max-width: 300px) 100vw, 300px\" \/> <img loading=\"lazy\" decoding=\"async\" class=\"wp-image-518 alignnone\" src=\"http:\/\/molcer.com\/wp-content\/uploads\/2018\/03\/autolimpieza1-300x149.jpg\" alt=\"\" width=\"419\" height=\"208\" srcset=\"https:\/\/molcer.com\/wp-content\/uploads\/2018\/03\/autolimpieza1-300x149.jpg 300w, https:\/\/molcer.com\/wp-content\/uploads\/2018\/03\/autolimpieza1-768x382.jpg 768w, https:\/\/molcer.com\/wp-content\/uploads\/2018\/03\/autolimpieza1-1024x509.jpg 1024w, https:\/\/molcer.com\/wp-content\/uploads\/2018\/03\/autolimpieza1.jpg 1151w\" sizes=\"auto, (max-width: 419px) 100vw, 419px\" \/><\/p>\n<p>&nbsp;<\/p>\n","protected":false},"excerpt":{"rendered":"<p>On fabrique plusieurs types de syst\u00e8mes d&#8217;auto-n\u00e9ttoayage pour \u00e9viter l&#8217;accumulation de poussi\u00e8re dans les zones de plus difficile acc\u00e8s d<\/p>\n","protected":false},"author":25,"featured_media":0,"parent":2048,"menu_order":0,"comment_status":"closed","ping_status":"closed","template":"","meta":{"ngg_post_thumbnail":0,"footnotes":""},"class_list":["post-2271","page","type-page","status-publish","hentry"],"_links":{"self":[{"href":"https:\/\/molcer.com\/fr\/wp-json\/wp\/v2\/pages\/2271","targetHints":{"allow":["GET"]}}],"collection":[{"href":"https:\/\/molcer.com\/fr\/wp-json\/wp\/v2\/pages"}],"about":[{"href":"https:\/\/molcer.com\/fr\/wp-json\/wp\/v2\/types\/page"}],"author":[{"embeddable":true,"href":"https:\/\/molcer.com\/fr\/wp-json\/wp\/v2\/users\/25"}],"replies":[{"embeddable":true,"href":"https:\/\/molcer.com\/fr\/wp-json\/wp\/v2\/comments?post=2271"}],"version-history":[{"count":0,"href":"https:\/\/molcer.com\/fr\/wp-json\/wp\/v2\/pages\/2271\/revisions"}],"up":[{"embeddable":true,"href":"https:\/\/molcer.com\/fr\/wp-json\/wp\/v2\/pages\/2048"}],"wp:attachment":[{"href":"https:\/\/molcer.com\/fr\/wp-json\/wp\/v2\/media?parent=2271"}],"curies":[{"name":"wp","href":"https:\/\/api.w.org\/{rel}","templated":true}]}}