

{"id":2262,"date":"2020-01-19T18:00:02","date_gmt":"2020-01-19T18:00:02","guid":{"rendered":"https:\/\/molcer.com\/produits\/grilles\/grilles-src\/"},"modified":"2020-01-19T18:00:02","modified_gmt":"2020-01-19T18:00:02","slug":"grilles-src","status":"publish","type":"page","link":"https:\/\/molcer.com\/fr\/produits\/grilles\/grilles-src\/","title":{"rendered":"GRILLES SRC"},"content":{"rendered":"<p style=\"text-align: center;\">C&#8217;est un syst\u00e8me qui permet d\u2019\u00e9conomiser la terre, le temps et la gestion des d\u00e9chets. Elle est compos\u00e9e par des racleurs vulcanis\u00e9s qui am\u00e9liorent substantiellement la d\u00e9charge de terre \u00e0 l&#8217;int\u00e9rieur de l&#8217;alv\u00e9ole et son arasage post\u00e9rieur, en obtenant un \u00e9paisseur presque parfait dans toutes les extr\u00e9mit\u00e9s de la pi\u00e8ce. Elle r\u00e9duit la perte de terre par rapport au syst\u00e8me traditionnel et cette \u00e9pargne a des b\u00e9n\u00e9fices importants pour le fabricant, puisqu&#8217;il permet de r\u00e9duire les co\u00fbts de production des pi\u00e8ces. Le SRC permet de plus, de modifier la charge de terre en fonction des n\u00e9cessit\u00e9s du produit de forme tr\u00e8s simple et sans effort. Malgr\u00e9 que les racleurs sont fixes mais sont faciles \u00e0 d\u00e9monter<\/p>\n<p>&nbsp;<\/p>\n<p><img loading=\"lazy\" decoding=\"async\" class=\"alignnone wp-image-494\" src=\"http:\/\/molcer.com\/wp-content\/uploads\/2018\/03\/parrila_src-1-300x194.jpg\" alt=\"\" width=\"408\" height=\"264\" srcset=\"https:\/\/molcer.com\/wp-content\/uploads\/2018\/03\/parrila_src-1-300x194.jpg 300w, https:\/\/molcer.com\/wp-content\/uploads\/2018\/03\/parrila_src-1-768x496.jpg 768w, https:\/\/molcer.com\/wp-content\/uploads\/2018\/03\/parrila_src-1-1024x661.jpg 1024w, https:\/\/molcer.com\/wp-content\/uploads\/2018\/03\/parrila_src-1.jpg 1036w\" sizes=\"auto, (max-width: 408px) 100vw, 408px\" \/><\/p>\n<p>&nbsp;<\/p>\n","protected":false},"excerpt":{"rendered":"<p>C&#8217;est un syst\u00e8me qui permet d\u2019\u00e9conomiser la terre, le temps et la gestion des d\u00e9chets. Elle est compos\u00e9e par des racleurs vulcanis\u00e9s qui am\u00e9l<\/p>\n","protected":false},"author":25,"featured_media":0,"parent":2253,"menu_order":0,"comment_status":"closed","ping_status":"closed","template":"fullwidth.php","meta":{"ngg_post_thumbnail":0,"footnotes":""},"class_list":["post-2262","page","type-page","status-publish","hentry"],"_links":{"self":[{"href":"https:\/\/molcer.com\/fr\/wp-json\/wp\/v2\/pages\/2262","targetHints":{"allow":["GET"]}}],"collection":[{"href":"https:\/\/molcer.com\/fr\/wp-json\/wp\/v2\/pages"}],"about":[{"href":"https:\/\/molcer.com\/fr\/wp-json\/wp\/v2\/types\/page"}],"author":[{"embeddable":true,"href":"https:\/\/molcer.com\/fr\/wp-json\/wp\/v2\/users\/25"}],"replies":[{"embeddable":true,"href":"https:\/\/molcer.com\/fr\/wp-json\/wp\/v2\/comments?post=2262"}],"version-history":[{"count":0,"href":"https:\/\/molcer.com\/fr\/wp-json\/wp\/v2\/pages\/2262\/revisions"}],"up":[{"embeddable":true,"href":"https:\/\/molcer.com\/fr\/wp-json\/wp\/v2\/pages\/2253"}],"wp:attachment":[{"href":"https:\/\/molcer.com\/fr\/wp-json\/wp\/v2\/media?parent=2262"}],"curies":[{"name":"wp","href":"https:\/\/api.w.org\/{rel}","templated":true}]}}