

{"id":2261,"date":"2020-01-19T18:00:01","date_gmt":"2020-01-19T18:00:01","guid":{"rendered":"https:\/\/molcer.com\/produits\/grilles\/grilles-de-nid-dabeilles\/"},"modified":"2020-01-19T18:00:01","modified_gmt":"2020-01-19T18:00:01","slug":"grilles-de-nid-dabeilles","status":"publish","type":"page","link":"https:\/\/molcer.com\/fr\/produits\/grilles\/grilles-de-nid-dabeilles\/","title":{"rendered":"Grilles de nid d&#8217;abeilles"},"content":{"rendered":"<p style=\"text-align: center;\"><strong>GRILLES DE NID D\u2019ABEILLES<\/strong><\/p>\n<p style=\"text-align: center;\">La distribution de la charge est r\u00e9alis\u00e9e \u00e0 travers d&#8217;un grillage en acier t\u00e9flonis\u00e9 qui poss\u00e8de la forme de nid d&#8217;abeilles. L&#8217;avantage principal en face de la grille de r\u00e9glettes, consiste en ce qu&#8217;elle peut \u00eatre employ\u00e9e dans plusieurs formats (multiformat).<\/p>\n<p>&nbsp;<\/p>\n<p><img loading=\"lazy\" decoding=\"async\" class=\"size-medium wp-image-484 aligncenter\" src=\"http:\/\/molcer.com\/wp-content\/uploads\/2018\/03\/parrilla_nidoaveja-300x166.jpg\" alt=\"\" width=\"300\" height=\"166\" srcset=\"https:\/\/molcer.com\/wp-content\/uploads\/2018\/03\/parrilla_nidoaveja-300x166.jpg 300w, https:\/\/molcer.com\/wp-content\/uploads\/2018\/03\/parrilla_nidoaveja-768x424.jpg 768w, https:\/\/molcer.com\/wp-content\/uploads\/2018\/03\/parrilla_nidoaveja-1024x565.jpg 1024w, https:\/\/molcer.com\/wp-content\/uploads\/2018\/03\/parrilla_nidoaveja.jpg 1060w\" sizes=\"auto, (max-width: 300px) 100vw, 300px\" \/> <img loading=\"lazy\" decoding=\"async\" class=\"size-full wp-image-485 aligncenter\" src=\"http:\/\/localhost\/wp-content\/uploads\/2018\/03\/parrilla_nidoaveja1.jpg\" alt=\"\" width=\"208\" height=\"182\"> <img loading=\"lazy\" decoding=\"async\" class=\"size-medium wp-image-486 aligncenter\" src=\"http:\/\/molcer.com\/wp-content\/uploads\/2018\/03\/parrilla_nidoaveja2-300x239.jpg\" alt=\"\" width=\"300\" height=\"239\" srcset=\"https:\/\/molcer.com\/wp-content\/uploads\/2018\/03\/parrilla_nidoaveja2-300x239.jpg 300w, https:\/\/molcer.com\/wp-content\/uploads\/2018\/03\/parrilla_nidoaveja2.jpg 469w\" sizes=\"auto, (max-width: 300px) 100vw, 300px\" \/><\/p>\n","protected":false},"excerpt":{"rendered":"<p>GRILLES DE NID D\u2019ABEILLES La distribution de la charge est r\u00e9alis\u00e9e \u00e0 travers d&#8217;un grillage en acier t\u00e9flonis\u00e9 qui poss\u00e8de la forme de nid d&#038;<\/p>\n","protected":false},"author":25,"featured_media":0,"parent":2253,"menu_order":0,"comment_status":"closed","ping_status":"closed","template":"fullwidth.php","meta":{"ngg_post_thumbnail":0,"footnotes":""},"class_list":["post-2261","page","type-page","status-publish","hentry"],"_links":{"self":[{"href":"https:\/\/molcer.com\/fr\/wp-json\/wp\/v2\/pages\/2261","targetHints":{"allow":["GET"]}}],"collection":[{"href":"https:\/\/molcer.com\/fr\/wp-json\/wp\/v2\/pages"}],"about":[{"href":"https:\/\/molcer.com\/fr\/wp-json\/wp\/v2\/types\/page"}],"author":[{"embeddable":true,"href":"https:\/\/molcer.com\/fr\/wp-json\/wp\/v2\/users\/25"}],"replies":[{"embeddable":true,"href":"https:\/\/molcer.com\/fr\/wp-json\/wp\/v2\/comments?post=2261"}],"version-history":[{"count":0,"href":"https:\/\/molcer.com\/fr\/wp-json\/wp\/v2\/pages\/2261\/revisions"}],"up":[{"embeddable":true,"href":"https:\/\/molcer.com\/fr\/wp-json\/wp\/v2\/pages\/2253"}],"wp:attachment":[{"href":"https:\/\/molcer.com\/fr\/wp-json\/wp\/v2\/media?parent=2261"}],"curies":[{"name":"wp","href":"https:\/\/api.w.org\/{rel}","templated":true}]}}