

{"id":2253,"date":"2020-01-19T18:00:01","date_gmt":"2020-01-19T18:00:01","guid":{"rendered":"https:\/\/molcer.com\/produits\/grilles\/"},"modified":"2020-01-19T18:00:01","modified_gmt":"2020-01-19T18:00:01","slug":"grilles","status":"publish","type":"page","link":"https:\/\/molcer.com\/fr\/produits\/grilles\/","title":{"rendered":"Grilles"},"content":{"rendered":"<blockquote><p>La grille se situe sur le chariot et est la pr\u00e9pos\u00e9e de distribuer la charge et de la r\u00e9partir de fa\u00e7on homog\u00e8ne dans les alv\u00e9oles. Sont fabriqu\u00e9s \u00e0 partir d&#8217;une base en acier inoxydable t\u00e9flonis\u00e9 avec l&#8217;uncondition n\u00e9cessaire mat\u00e9rielle qui \u00e9vite l&#8217;empl\u00e2tre de la terre et de sa contamination. En fonction de la g\u00e9om\u00e9trie qui produit la distribution de la charge.<\/p>\n<p>&nbsp;<\/p><\/blockquote>\n<p style=\"text-align: center;\"><strong>GRILLES DE REGLETTES TEFLONIS\u00c9ES<\/strong><\/p>\n<p>&nbsp;<\/p>\n<p><img loading=\"lazy\" decoding=\"async\" class=\"alignnone wp-image-487\" src=\"http:\/\/molcer.com\/wp-content\/uploads\/2018\/03\/parrilla_regl_teflona-300x175.jpg\" alt=\"\" width=\"482\" height=\"281\" srcset=\"https:\/\/molcer.com\/wp-content\/uploads\/2018\/03\/parrilla_regl_teflona-300x175.jpg 300w, https:\/\/molcer.com\/wp-content\/uploads\/2018\/03\/parrilla_regl_teflona-768x448.jpg 768w, https:\/\/molcer.com\/wp-content\/uploads\/2018\/03\/parrilla_regl_teflona.jpg 1020w\" sizes=\"auto, (max-width: 482px) 100vw, 482px\" \/><\/p>\n","protected":false},"excerpt":{"rendered":"<p>La grille se situe sur le chariot et est la pr\u00e9pos\u00e9e de distribuer la charge et de la r\u00e9partir de fa\u00e7on homog\u00e8ne dans les alv\u00e9oles. Sont fabriqu\u00e9s ?<\/p>\n","protected":false},"author":25,"featured_media":0,"parent":2048,"menu_order":0,"comment_status":"closed","ping_status":"closed","template":"","meta":{"ngg_post_thumbnail":0,"footnotes":""},"class_list":["post-2253","page","type-page","status-publish","hentry"],"_links":{"self":[{"href":"https:\/\/molcer.com\/fr\/wp-json\/wp\/v2\/pages\/2253","targetHints":{"allow":["GET"]}}],"collection":[{"href":"https:\/\/molcer.com\/fr\/wp-json\/wp\/v2\/pages"}],"about":[{"href":"https:\/\/molcer.com\/fr\/wp-json\/wp\/v2\/types\/page"}],"author":[{"embeddable":true,"href":"https:\/\/molcer.com\/fr\/wp-json\/wp\/v2\/users\/25"}],"replies":[{"embeddable":true,"href":"https:\/\/molcer.com\/fr\/wp-json\/wp\/v2\/comments?post=2253"}],"version-history":[{"count":0,"href":"https:\/\/molcer.com\/fr\/wp-json\/wp\/v2\/pages\/2253\/revisions"}],"up":[{"embeddable":true,"href":"https:\/\/molcer.com\/fr\/wp-json\/wp\/v2\/pages\/2048"}],"wp:attachment":[{"href":"https:\/\/molcer.com\/fr\/wp-json\/wp\/v2\/media?parent=2253"}],"curies":[{"name":"wp","href":"https:\/\/api.w.org\/{rel}","templated":true}]}}