

{"id":2249,"date":"2020-01-19T18:00:01","date_gmt":"2020-01-19T18:00:01","guid":{"rendered":"https:\/\/molcer.com\/produits\/plaques-base\/"},"modified":"2020-01-19T18:00:01","modified_gmt":"2020-01-19T18:00:01","slug":"plaques-base","status":"publish","type":"page","link":"https:\/\/molcer.com\/fr\/produits\/plaques-base\/","title":{"rendered":"Plaques Base"},"content":{"rendered":"<blockquote><p>A MOLCER on fabrique des plaques de base adapt\u00e9es aux caract\u00e9ristiques des presses du client. De la m\u00eame fa\u00e7on aussi on fabrique les pi\u00e8ces de plaques batentes, ou de plaques sauve-banques des presses.<\/p><\/blockquote>\n<p><img loading=\"lazy\" decoding=\"async\" class=\"alignnone size-medium wp-image-243\" src=\"http:\/\/molcer.com\/wp-content\/uploads\/2018\/03\/placa_base-300x165.jpg\" alt=\"\" width=\"300\" height=\"165\" srcset=\"https:\/\/molcer.com\/wp-content\/uploads\/2018\/03\/placa_base-300x165.jpg 300w, https:\/\/molcer.com\/wp-content\/uploads\/2018\/03\/placa_base-768x421.jpg 768w, https:\/\/molcer.com\/wp-content\/uploads\/2018\/03\/placa_base-1024x562.jpg 1024w, https:\/\/molcer.com\/wp-content\/uploads\/2018\/03\/placa_base.jpg 1063w\" sizes=\"auto, (max-width: 300px) 100vw, 300px\" \/><\/p>\n<p>&nbsp;<\/p>\n<p><strong> GUIDE VERTICAL<\/strong><\/p>\n<p><img loading=\"lazy\" decoding=\"async\" class=\"alignnone size-medium wp-image-244 alignleft\" src=\"http:\/\/molcer.com\/wp-content\/uploads\/2018\/03\/guia_vertical-263x300.jpg\" alt=\"\" width=\"263\" height=\"300\" srcset=\"https:\/\/molcer.com\/wp-content\/uploads\/2018\/03\/guia_vertical-263x300.jpg 263w, https:\/\/molcer.com\/wp-content\/uploads\/2018\/03\/guia_vertical.jpg 482w\" sizes=\"auto, (max-width: 263px) 100vw, 263px\" \/>Nous disposons de plusieurs types de centreurs et des guides qui permettent un mouvement parfait relatif vertical entre la matrice et l&#8217;\u00e9jecteur, en conduisant l&#8217;ensemble form\u00e9 par bloquettes et poin\u00e7ons inf\u00e9rieurs \u00e0 travers des alv\u00e9oles sans d\u00e9viation.<\/p>\n<p>&nbsp;<\/p>\n","protected":false},"excerpt":{"rendered":"<p>A MOLCER on fabrique des plaques de base adapt\u00e9es aux caract\u00e9ristiques des presses du client. De la m\u00eame fa\u00e7on aussi on fabrique les pi\u00e8ces de plaques<\/p>\n","protected":false},"author":25,"featured_media":0,"parent":2048,"menu_order":0,"comment_status":"closed","ping_status":"closed","template":"","meta":{"ngg_post_thumbnail":0,"footnotes":""},"class_list":["post-2249","page","type-page","status-publish","hentry"],"_links":{"self":[{"href":"https:\/\/molcer.com\/fr\/wp-json\/wp\/v2\/pages\/2249","targetHints":{"allow":["GET"]}}],"collection":[{"href":"https:\/\/molcer.com\/fr\/wp-json\/wp\/v2\/pages"}],"about":[{"href":"https:\/\/molcer.com\/fr\/wp-json\/wp\/v2\/types\/page"}],"author":[{"embeddable":true,"href":"https:\/\/molcer.com\/fr\/wp-json\/wp\/v2\/users\/25"}],"replies":[{"embeddable":true,"href":"https:\/\/molcer.com\/fr\/wp-json\/wp\/v2\/comments?post=2249"}],"version-history":[{"count":0,"href":"https:\/\/molcer.com\/fr\/wp-json\/wp\/v2\/pages\/2249\/revisions"}],"up":[{"embeddable":true,"href":"https:\/\/molcer.com\/fr\/wp-json\/wp\/v2\/pages\/2048"}],"wp:attachment":[{"href":"https:\/\/molcer.com\/fr\/wp-json\/wp\/v2\/media?parent=2249"}],"curies":[{"name":"wp","href":"https:\/\/api.w.org\/{rel}","templated":true}]}}