

{"id":2248,"date":"2020-01-19T17:59:22","date_gmt":"2020-01-19T17:59:22","guid":{"rendered":"https:\/\/molcer.com\/produits\/moules-complets\/moule-double-matrice\/"},"modified":"2020-01-19T17:59:22","modified_gmt":"2020-01-19T17:59:22","slug":"moule-double-matrice","status":"publish","type":"page","link":"https:\/\/molcer.com\/fr\/produits\/moules-complets\/moule-double-matrice\/","title":{"rendered":"Moule Double Matrice"},"content":{"rendered":"<p style=\"text-align: center;\"><strong>MOULE DOUBLE MATRICE<\/strong><\/p>\n<blockquote><p>Le double moule permet de presser des carreaux avec s\u00e9parateur et avec la belle face en haut. Pour cela le moule est construit par deux matrices, l&#8217;inf\u00e9rieure qui est mobile et guid\u00e9e par des pistons, et la sup\u00e9rieure o\u00f9 se produit le conform\u00e9 du carreau. Dans ces moules, la partie sup\u00e9rieure est la pr\u00e9pos\u00e9e de r\u00e9aliser l&#8217;extraction du carreau des alv\u00e9oles.<\/p><\/blockquote>\n","protected":false},"excerpt":{"rendered":"<p>MOULE DOUBLE MATRICE Le double moule permet de presser des carreaux avec s\u00e9parateur et avec la belle face en haut. Pour cela le moule est construit par de<\/p>\n","protected":false},"author":25,"featured_media":0,"parent":2141,"menu_order":0,"comment_status":"closed","ping_status":"closed","template":"","meta":{"ngg_post_thumbnail":0,"footnotes":""},"class_list":["post-2248","page","type-page","status-publish","hentry"],"_links":{"self":[{"href":"https:\/\/molcer.com\/fr\/wp-json\/wp\/v2\/pages\/2248","targetHints":{"allow":["GET"]}}],"collection":[{"href":"https:\/\/molcer.com\/fr\/wp-json\/wp\/v2\/pages"}],"about":[{"href":"https:\/\/molcer.com\/fr\/wp-json\/wp\/v2\/types\/page"}],"author":[{"embeddable":true,"href":"https:\/\/molcer.com\/fr\/wp-json\/wp\/v2\/users\/25"}],"replies":[{"embeddable":true,"href":"https:\/\/molcer.com\/fr\/wp-json\/wp\/v2\/comments?post=2248"}],"version-history":[{"count":0,"href":"https:\/\/molcer.com\/fr\/wp-json\/wp\/v2\/pages\/2248\/revisions"}],"up":[{"embeddable":true,"href":"https:\/\/molcer.com\/fr\/wp-json\/wp\/v2\/pages\/2141"}],"wp:attachment":[{"href":"https:\/\/molcer.com\/fr\/wp-json\/wp\/v2\/media?parent=2248"}],"curies":[{"name":"wp","href":"https:\/\/api.w.org\/{rel}","templated":true}]}}