

{"id":2143,"date":"2020-01-16T20:29:51","date_gmt":"2020-01-16T20:29:51","guid":{"rendered":"https:\/\/molcer.com\/produits\/moules-complets\/moule-penetrant\/"},"modified":"2020-01-16T20:29:51","modified_gmt":"2020-01-16T20:29:51","slug":"moule-penetrant","status":"publish","type":"page","link":"https:\/\/molcer.com\/fr\/produits\/moules-complets\/moule-penetrant\/","title":{"rendered":"Moule P\u00e9n\u00e9trant"},"content":{"rendered":"<p style=\"text-align: center;\"><strong>MOULE P\u00c9N\u00c9TRANT<\/strong><\/p>\n<p style=\"text-align: center;\">La force de pressage s&#8217;applique au moyen des poin\u00e7ons sup\u00e9rieurs qui p\u00e9n\u00e8trent dans les alv\u00e9oles. La matrice est fixe et s&#8217;attache \u00e0 la plaque de base par des bornes (pieds). L&#8217;extraction est r\u00e9alis\u00e9e par l&#8217;\u00e9jecteur qui pousse l&#8217;ensemble form\u00e9 par les bloquettes et les poin\u00e7ons inf\u00e9rieurs en permettant que le chariot qui remplit les alv\u00e9oles pousse en m\u00eame temps les carreaux. Normalement les carreaux sont press\u00e9s dans la position inverse (\u00e0 l&#8217;exception des reliefs complexes) parceque les poin\u00e7ons sup\u00e9rieurs sont ceux qui conforment la face de la c\u00f4te et les carreaux doivent \u00eatre faits tourn\u00e9s \u00e0 la sortie de la presse.<\/p>\n<p>&nbsp;<\/p>\n<p><img loading=\"lazy\" decoding=\"async\" class=\"wp-image-235 size-medium alignnone\" src=\"http:\/\/molcer.com\/wp-content\/uploads\/2018\/03\/molde_penetrante-300x198.jpg\" alt=\"\" width=\"300\" height=\"198\" srcset=\"https:\/\/molcer.com\/wp-content\/uploads\/2018\/03\/molde_penetrante-300x198.jpg 300w, https:\/\/molcer.com\/wp-content\/uploads\/2018\/03\/molde_penetrante-768x507.jpg 768w, https:\/\/molcer.com\/wp-content\/uploads\/2018\/03\/molde_penetrante-1024x676.jpg 1024w, https:\/\/molcer.com\/wp-content\/uploads\/2018\/03\/molde_penetrante.jpg 1123w\" sizes=\"auto, (max-width: 300px) 100vw, 300px\" \/><\/p>\n<p>&nbsp;<\/p>\n<p>&nbsp;<\/p>\n","protected":false},"excerpt":{"rendered":"<p>MOULE P\u00c9N\u00c9TRANT La force de pressage s&#8217;applique au moyen des poin\u00e7ons sup\u00e9rieurs qui p\u00e9n\u00e8trent dans les alv\u00e9oles. La matrice est fixe et s&#038;#82<\/p>\n","protected":false},"author":25,"featured_media":0,"parent":2141,"menu_order":1,"comment_status":"closed","ping_status":"closed","template":"fullwidth.php","meta":{"ngg_post_thumbnail":0,"footnotes":""},"class_list":["post-2143","page","type-page","status-publish","hentry"],"_links":{"self":[{"href":"https:\/\/molcer.com\/fr\/wp-json\/wp\/v2\/pages\/2143","targetHints":{"allow":["GET"]}}],"collection":[{"href":"https:\/\/molcer.com\/fr\/wp-json\/wp\/v2\/pages"}],"about":[{"href":"https:\/\/molcer.com\/fr\/wp-json\/wp\/v2\/types\/page"}],"author":[{"embeddable":true,"href":"https:\/\/molcer.com\/fr\/wp-json\/wp\/v2\/users\/25"}],"replies":[{"embeddable":true,"href":"https:\/\/molcer.com\/fr\/wp-json\/wp\/v2\/comments?post=2143"}],"version-history":[{"count":0,"href":"https:\/\/molcer.com\/fr\/wp-json\/wp\/v2\/pages\/2143\/revisions"}],"up":[{"embeddable":true,"href":"https:\/\/molcer.com\/fr\/wp-json\/wp\/v2\/pages\/2141"}],"wp:attachment":[{"href":"https:\/\/molcer.com\/fr\/wp-json\/wp\/v2\/media?parent=2143"}],"curies":[{"name":"wp","href":"https:\/\/api.w.org\/{rel}","templated":true}]}}