

{"id":2141,"date":"2020-01-16T20:21:39","date_gmt":"2020-01-16T20:21:39","guid":{"rendered":"https:\/\/molcer.com\/produits\/moules-complets\/"},"modified":"2020-01-16T20:21:39","modified_gmt":"2020-01-16T20:21:39","slug":"moules-complets","status":"publish","type":"page","link":"https:\/\/molcer.com\/fr\/produits\/moules-complets\/","title":{"rendered":"Moules Complets"},"content":{"rendered":"<blockquote><p>\u00c0 MOLCER on fabrique des moules complets adapt\u00e9s aux n\u00e9cessit\u00e9s et machines du client. Depuis les plus petits formats jusqu\u2019aux plus grands, et en employant des formes droites ou irr\u00e9guli\u00e8res.<\/p>\n<p>Ils existent plusieurs types de moules, qui peuvent se classer dans des moules p\u00e9n\u00e9trants, des moules multiformats, des moules de double matrice et moules miroirs. Les 4 types de moules se distinguent par leurs caract\u00e9ristiques structurelles et du fonctionnement, bien que la plupart des composants sont communs.<\/p><\/blockquote>\n","protected":false},"excerpt":{"rendered":"<p>\u00c0 MOLCER on fabrique des moules complets adapt\u00e9s aux n\u00e9cessit\u00e9s et machines du client. Depuis les plus petits formats jusqu\u2019aux plus grands, et en em<\/p>\n","protected":false},"author":25,"featured_media":0,"parent":2048,"menu_order":0,"comment_status":"closed","ping_status":"closed","template":"fullwidth.php","meta":{"ngg_post_thumbnail":0,"footnotes":""},"class_list":["post-2141","page","type-page","status-publish","hentry"],"_links":{"self":[{"href":"https:\/\/molcer.com\/fr\/wp-json\/wp\/v2\/pages\/2141","targetHints":{"allow":["GET"]}}],"collection":[{"href":"https:\/\/molcer.com\/fr\/wp-json\/wp\/v2\/pages"}],"about":[{"href":"https:\/\/molcer.com\/fr\/wp-json\/wp\/v2\/types\/page"}],"author":[{"embeddable":true,"href":"https:\/\/molcer.com\/fr\/wp-json\/wp\/v2\/users\/25"}],"replies":[{"embeddable":true,"href":"https:\/\/molcer.com\/fr\/wp-json\/wp\/v2\/comments?post=2141"}],"version-history":[{"count":0,"href":"https:\/\/molcer.com\/fr\/wp-json\/wp\/v2\/pages\/2141\/revisions"}],"up":[{"embeddable":true,"href":"https:\/\/molcer.com\/fr\/wp-json\/wp\/v2\/pages\/2048"}],"wp:attachment":[{"href":"https:\/\/molcer.com\/fr\/wp-json\/wp\/v2\/media?parent=2141"}],"curies":[{"name":"wp","href":"https:\/\/api.w.org\/{rel}","templated":true}]}}