

{"id":2134,"date":"2020-01-16T20:17:22","date_gmt":"2020-01-16T20:17:22","guid":{"rendered":"https:\/\/molcer.com\/produits\/cadre-ou-matrice\/matrice-interchangeable\/"},"modified":"2020-01-16T20:17:22","modified_gmt":"2020-01-16T20:17:22","slug":"matrice-interchangeable","status":"publish","type":"page","link":"https:\/\/molcer.com\/fr\/produits\/cadre-ou-matrice\/matrice-interchangeable\/","title":{"rendered":"Matrice Interchangeable"},"content":{"rendered":"<p style=\"text-align: center;\"><strong>MATRICE INTERCHANGEABLE<\/strong><\/p>\n<p style=\"text-align: center;\">Similaire \u00e0 une matrice traditionnelle et employ\u00e9e dans les moules multiformats, la matrice interchangeable est dessin\u00e9e pour un format d\u00e9termin\u00e9. La propre matrice est celle qui s&#8217;attache aux bornes, au moyen d&#8217;une perc\u00e9e qui se conserve dans les autres matrices interchangeables du m\u00eame moule. Les lastrines restent fixes \u00e0 l&#8217;int\u00e9rieur des fen\u00eatres ancr\u00e9es au moyen des vis allen. La matrice est dot\u00e9e d&#8217;un syst\u00e8me de chauffage amarr\u00e9 dans la partie inf\u00e9rieure peut aussi inclure un syst\u00e8me d&#8217;auton\u00e9ttoyage. Il peut \u00eatre fabriqu\u00e9 d&#8217;une forme r\u00e9versible.<\/p>\n<p>&nbsp;<\/p>\n<p><img loading=\"lazy\" decoding=\"async\" class=\"alignnone size-medium wp-image-231\" src=\"http:\/\/molcer.com\/wp-content\/uploads\/2018\/03\/marco_intercam-300x182.jpg\" alt=\"\" width=\"300\" height=\"182\" srcset=\"https:\/\/molcer.com\/wp-content\/uploads\/2018\/03\/marco_intercam-300x182.jpg 300w, https:\/\/molcer.com\/wp-content\/uploads\/2018\/03\/marco_intercam-768x466.jpg 768w, https:\/\/molcer.com\/wp-content\/uploads\/2018\/03\/marco_intercam-1024x621.jpg 1024w, https:\/\/molcer.com\/wp-content\/uploads\/2018\/03\/marco_intercam.jpg 1107w\" sizes=\"auto, (max-width: 300px) 100vw, 300px\" \/><\/p>\n","protected":false},"excerpt":{"rendered":"<p>MATRICE INTERCHANGEABLE Similaire \u00e0 une matrice traditionnelle et employ\u00e9e dans les moules multiformats, la matrice interchangeable est dessin\u00e9e pour un<\/p>\n","protected":false},"author":25,"featured_media":0,"parent":2130,"menu_order":0,"comment_status":"closed","ping_status":"closed","template":"fullwidth.php","meta":{"ngg_post_thumbnail":0,"footnotes":""},"class_list":["post-2134","page","type-page","status-publish","hentry"],"_links":{"self":[{"href":"https:\/\/molcer.com\/fr\/wp-json\/wp\/v2\/pages\/2134","targetHints":{"allow":["GET"]}}],"collection":[{"href":"https:\/\/molcer.com\/fr\/wp-json\/wp\/v2\/pages"}],"about":[{"href":"https:\/\/molcer.com\/fr\/wp-json\/wp\/v2\/types\/page"}],"author":[{"embeddable":true,"href":"https:\/\/molcer.com\/fr\/wp-json\/wp\/v2\/users\/25"}],"replies":[{"embeddable":true,"href":"https:\/\/molcer.com\/fr\/wp-json\/wp\/v2\/comments?post=2134"}],"version-history":[{"count":0,"href":"https:\/\/molcer.com\/fr\/wp-json\/wp\/v2\/pages\/2134\/revisions"}],"up":[{"embeddable":true,"href":"https:\/\/molcer.com\/fr\/wp-json\/wp\/v2\/pages\/2130"}],"wp:attachment":[{"href":"https:\/\/molcer.com\/fr\/wp-json\/wp\/v2\/media?parent=2134"}],"curies":[{"name":"wp","href":"https:\/\/api.w.org\/{rel}","templated":true}]}}