

{"id":2131,"date":"2020-01-16T20:12:16","date_gmt":"2020-01-16T20:12:16","guid":{"rendered":"https:\/\/molcer.com\/produits\/cadre-ou-matrice\/matrice-fixe-et-mobile\/"},"modified":"2020-01-16T20:12:16","modified_gmt":"2020-01-16T20:12:16","slug":"matrice-fixe-et-mobile","status":"publish","type":"page","link":"https:\/\/molcer.com\/fr\/produits\/cadre-ou-matrice\/matrice-fixe-et-mobile\/","title":{"rendered":"Matrice Fixe et Mobile"},"content":{"rendered":"<p style=\"text-align: center;\"><strong>Matrice Fixe<\/strong><\/p>\n<p style=\"text-align: center;\">S&#8217;emploie dans les moules multiformats, en \u00e9tant la matrice qui reste attach\u00e9e toujours aux bornes et sur laquelle la matrice mobile se soutient. En g\u00e9n\u00e9ral el -le a l&#8217;habitude d&#8217;\u00eatre constitu\u00e9e par une fen\u00eatre unique, et tant le syst\u00e8me de chauffage, d&#8217;extraction comme du n\u00e9ttoyage (des souffleurs) sont attach\u00e9s \u00e0 lui.<\/p>\n<p style=\"text-align: center;\"><strong>Matrice Mobile<\/strong><\/p>\n<p style=\"text-align: center;\">En relation toujours avec la matrice fixe, la matrice mobile s&#8217;emploie dans des moules multiformats, \u00e9tant lui qui fournit le format et le nombre de sorties du moule. Cela conforme la base o\u00f9 s\u2019attachent les lardons (lastrines) qui g\u00e9n\u00e8rent l&#8217;int\u00e9rieur de la matrice.<\/p>\n<p>&nbsp;<\/p>\n<p><img loading=\"lazy\" decoding=\"async\" class=\"alignnone size-medium wp-image-233\" src=\"http:\/\/molcer.com\/wp-content\/uploads\/2018\/03\/marco_movil2-300x201.jpg\" alt=\"\" width=\"300\" height=\"201\" srcset=\"https:\/\/molcer.com\/wp-content\/uploads\/2018\/03\/marco_movil2-300x201.jpg 300w, https:\/\/molcer.com\/wp-content\/uploads\/2018\/03\/marco_movil2-768x516.jpg 768w, https:\/\/molcer.com\/wp-content\/uploads\/2018\/03\/marco_movil2.jpg 1011w\" sizes=\"auto, (max-width: 300px) 100vw, 300px\" \/> <img loading=\"lazy\" decoding=\"async\" class=\"alignnone size-medium wp-image-232\" src=\"http:\/\/molcer.com\/wp-content\/uploads\/2018\/03\/marco_movil-300x203.jpg\" alt=\"\" width=\"300\" height=\"203\" srcset=\"https:\/\/molcer.com\/wp-content\/uploads\/2018\/03\/marco_movil-300x203.jpg 300w, https:\/\/molcer.com\/wp-content\/uploads\/2018\/03\/marco_movil.jpg 593w\" sizes=\"auto, (max-width: 300px) 100vw, 300px\" \/><\/p>\n","protected":false},"excerpt":{"rendered":"<p>Matrice Fixe S&#8217;emploie dans les moules multiformats, en \u00e9tant la matrice qui reste attach\u00e9e toujours aux bornes et sur laquelle la matrice mobile s<\/p>\n","protected":false},"author":25,"featured_media":0,"parent":2130,"menu_order":0,"comment_status":"closed","ping_status":"closed","template":"fullwidth.php","meta":{"ngg_post_thumbnail":0,"footnotes":""},"class_list":["post-2131","page","type-page","status-publish","hentry"],"_links":{"self":[{"href":"https:\/\/molcer.com\/fr\/wp-json\/wp\/v2\/pages\/2131","targetHints":{"allow":["GET"]}}],"collection":[{"href":"https:\/\/molcer.com\/fr\/wp-json\/wp\/v2\/pages"}],"about":[{"href":"https:\/\/molcer.com\/fr\/wp-json\/wp\/v2\/types\/page"}],"author":[{"embeddable":true,"href":"https:\/\/molcer.com\/fr\/wp-json\/wp\/v2\/users\/25"}],"replies":[{"embeddable":true,"href":"https:\/\/molcer.com\/fr\/wp-json\/wp\/v2\/comments?post=2131"}],"version-history":[{"count":0,"href":"https:\/\/molcer.com\/fr\/wp-json\/wp\/v2\/pages\/2131\/revisions"}],"up":[{"embeddable":true,"href":"https:\/\/molcer.com\/fr\/wp-json\/wp\/v2\/pages\/2130"}],"wp:attachment":[{"href":"https:\/\/molcer.com\/fr\/wp-json\/wp\/v2\/media?parent=2131"}],"curies":[{"name":"wp","href":"https:\/\/api.w.org\/{rel}","templated":true}]}}