

{"id":2117,"date":"2020-01-16T20:03:02","date_gmt":"2020-01-16T20:03:02","guid":{"rendered":"https:\/\/molcer.com\/produits\/ejecteurs\/"},"modified":"2020-01-16T20:03:02","modified_gmt":"2020-01-16T20:03:02","slug":"ejecteurs","status":"publish","type":"page","link":"https:\/\/molcer.com\/fr\/produits\/ejecteurs\/","title":{"rendered":"Ejecteurs"},"content":{"rendered":"<blockquote><p>L&#8217;\u00e9jecteur fait partie du syst\u00e8me extractif, est appuy\u00e9 sur la plaque de base et est le pr\u00e9pos\u00e9 d&#8217;amarrer les bloquettes de forme align\u00e9e avec les alv\u00e9oles. Ils sont fabriqu\u00e9s sur mesure, et peuvent \u00eatre dot\u00e9s des guides verticaux pour guider le mouvement.<\/p><\/blockquote>\n<p>&nbsp;<\/p>\n<p><img loading=\"lazy\" decoding=\"async\" class=\"alignnone size-medium wp-image-229\" src=\"http:\/\/molcer.com\/wp-content\/uploads\/2018\/03\/expulsores-300x124.jpg\" alt=\"\" width=\"300\" height=\"124\" srcset=\"https:\/\/molcer.com\/wp-content\/uploads\/2018\/03\/expulsores-300x124.jpg 300w, https:\/\/molcer.com\/wp-content\/uploads\/2018\/03\/expulsores-768x317.jpg 768w, https:\/\/molcer.com\/wp-content\/uploads\/2018\/03\/expulsores.jpg 910w\" sizes=\"auto, (max-width: 300px) 100vw, 300px\" \/> <img loading=\"lazy\" decoding=\"async\" class=\"alignnone size-medium wp-image-228\" src=\"http:\/\/molcer.com\/wp-content\/uploads\/2018\/03\/expulsores1-300x227.jpg\" alt=\"\" width=\"300\" height=\"227\" srcset=\"https:\/\/molcer.com\/wp-content\/uploads\/2018\/03\/expulsores1-300x227.jpg 300w, https:\/\/molcer.com\/wp-content\/uploads\/2018\/03\/expulsores1.jpg 758w\" sizes=\"auto, (max-width: 300px) 100vw, 300px\" \/><\/p>\n<p>&nbsp;<\/p>\n<p><img loading=\"lazy\" decoding=\"async\" class=\"wp-image-451 alignright\" src=\"http:\/\/localhost\/wp-content\/uploads\/2018\/03\/expulsores3-300x205.jpg\" alt=\"\" width=\"244\" height=\"167\" srcset=\"https:\/\/molcer.com\/wp-content\/uploads\/2018\/03\/expulsores3-300x205.jpg 300w, https:\/\/molcer.com\/wp-content\/uploads\/2018\/03\/expulsores3.jpg 569w\" sizes=\"auto, (max-width: 244px) 100vw, 244px\" \/> <img loading=\"lazy\" decoding=\"async\" class=\"wp-image-450 alignright\" src=\"http:\/\/localhost\/wp-content\/uploads\/2018\/03\/expulsores2-259x300.jpg\" alt=\"\" width=\"144\" height=\"167\" srcset=\"https:\/\/molcer.com\/wp-content\/uploads\/2018\/03\/expulsores2-259x300.jpg 259w, https:\/\/molcer.com\/wp-content\/uploads\/2018\/03\/expulsores2.jpg 532w\" sizes=\"auto, (max-width: 144px) 100vw, 144px\" \/><\/p>\n","protected":false},"excerpt":{"rendered":"<p>L&#8217;\u00e9jecteur fait partie du syst\u00e8me extractif, est appuy\u00e9 sur la plaque de base et est le pr\u00e9pos\u00e9 d&#8217;amarrer les bloquettes de forme align\u00e9e<\/p>\n","protected":false},"author":25,"featured_media":0,"parent":2048,"menu_order":0,"comment_status":"closed","ping_status":"closed","template":"","meta":{"ngg_post_thumbnail":0,"footnotes":""},"class_list":["post-2117","page","type-page","status-publish","hentry"],"_links":{"self":[{"href":"https:\/\/molcer.com\/fr\/wp-json\/wp\/v2\/pages\/2117","targetHints":{"allow":["GET"]}}],"collection":[{"href":"https:\/\/molcer.com\/fr\/wp-json\/wp\/v2\/pages"}],"about":[{"href":"https:\/\/molcer.com\/fr\/wp-json\/wp\/v2\/types\/page"}],"author":[{"embeddable":true,"href":"https:\/\/molcer.com\/fr\/wp-json\/wp\/v2\/users\/25"}],"replies":[{"embeddable":true,"href":"https:\/\/molcer.com\/fr\/wp-json\/wp\/v2\/comments?post=2117"}],"version-history":[{"count":1,"href":"https:\/\/molcer.com\/fr\/wp-json\/wp\/v2\/pages\/2117\/revisions"}],"predecessor-version":[{"id":2128,"href":"https:\/\/molcer.com\/fr\/wp-json\/wp\/v2\/pages\/2117\/revisions\/2128"}],"up":[{"embeddable":true,"href":"https:\/\/molcer.com\/fr\/wp-json\/wp\/v2\/pages\/2048"}],"wp:attachment":[{"href":"https:\/\/molcer.com\/fr\/wp-json\/wp\/v2\/media?parent=2117"}],"curies":[{"name":"wp","href":"https:\/\/api.w.org\/{rel}","templated":true}]}}