

{"id":2070,"date":"2020-01-15T20:10:32","date_gmt":"2020-01-15T20:10:32","guid":{"rendered":"https:\/\/molcer.com\/produits\/lastrines\/lames-normales\/"},"modified":"2020-01-15T20:16:02","modified_gmt":"2020-01-15T20:16:02","slug":"lames-normales","status":"publish","type":"page","link":"https:\/\/molcer.com\/fr\/produits\/lastrines\/lames-normales\/","title":{"rendered":"Lastrines normales"},"content":{"rendered":"<p style=\"text-align: center;\"><strong>LASTRINES NORMALES, CENTRALES ET D\u2019EMBO\u00ceTEMENT<\/strong><\/p>\n<p style=\"text-align: center;\">Aussi d\u00e9nomm\u00e9es lastrines traditionnelles, elles sont attach\u00e9es \u00e0 la matrice par des vis, bien qu\u2019il existe autres formes de fixation. Elles peuvent \u00eatre vas\u00e9es (allen dans la lastrine et le filet dans la matrice), filet\u00e9es (allen dans la matrice et le filet dans la lastrine) ou colis\u00e9es (pour permettre un rajustement quand celles-ci seront r\u00e9par\u00e9es et perdront la mesure originale). A la partie sup\u00e9rieure, les lastrines sont fix\u00e9es \u00e0 la matrice par des douilles qui exercent une pression descendante, en plus celles-ci peuvent \u00eatre appuy\u00e9es sur un \u00e9chelon dans la matrice pour am\u00e9liorer la fixation.<br \/>\nSur le lat\u00e9ral des lastrines se m\u00e9canise la sortie, pour permettre l&#8217;extraction de la pi\u00e8ce apr\u00e8s le pressage. En plus celles- ci peuvent \u00eatre fabriqu\u00e9es avec ou sans le cil, qui est l&#8217;\u00e9l\u00e9ment qui g\u00e9n\u00e8re la s\u00e9paration entre les pi\u00e8ces. Si ces m\u00e9canis\u00e9s sont faits sur les deux visages des lastrines, celles- ci sont r\u00e9versibles, lesquelles ne peuvent pas \u00eatre appuy\u00e9es sur la matrice et s&#8217;usent dans les matrices r\u00e9versibles.<\/p>\n<p>&nbsp;<\/p>\n<p style=\"text-align: left;\"><strong>CL\u00d4TURE COMPLETE ENTRE PLANS<\/strong><strong>                                                                                           <\/strong><\/p>\n<p>MolCER est usin\u00e9 Il se compose de l&#8217;usinage<br \/>\ncouper \u00e0 travers une rainure ci-dessous<br \/>\nfil qui g\u00e9n\u00e8re un onglet de l&#8217;espace au sol<br \/>\nsur la lame de dentelle avec la lame de moule pour le rendre plus facile<br \/>\nm\u00eame section que les lames hors de cela sans affaiblir<br \/>\nnormal d&#8217;obtenir les lames.<br \/>\nune fermeture totale entre les lames.<\/p>\n<p>&nbsp;<\/p>\n<p><img loading=\"lazy\" decoding=\"async\" class=\"size-medium wp-image-220 alignleft\" src=\"http:\/\/molcer.com\/wp-content\/uploads\/2018\/03\/cuchillas_normales-300x243.jpg\" alt=\"\" width=\"300\" height=\"243\" srcset=\"https:\/\/molcer.com\/wp-content\/uploads\/2018\/03\/cuchillas_normales-300x243.jpg 300w, https:\/\/molcer.com\/wp-content\/uploads\/2018\/03\/cuchillas_normales.jpg 676w\" sizes=\"auto, (max-width: 300px) 100vw, 300px\" \/><\/p>\n<p style=\"text-align: right;\"><img loading=\"lazy\" decoding=\"async\" class=\"alignnone size-medium wp-image-221\" src=\"http:\/\/molcer.com\/wp-content\/uploads\/2018\/03\/cuchillas_normales2-300x247.jpg\" alt=\"\" width=\"300\" height=\"247\" srcset=\"https:\/\/molcer.com\/wp-content\/uploads\/2018\/03\/cuchillas_normales2-300x247.jpg 300w, https:\/\/molcer.com\/wp-content\/uploads\/2018\/03\/cuchillas_normales2.jpg 651w\" sizes=\"auto, (max-width: 300px) 100vw, 300px\" \/><\/p>\n","protected":false},"excerpt":{"rendered":"<p>LASTRINES NORMALES, CENTRALES ET D\u2019EMBO\u00ceTEMENT Aussi d\u00e9nomm\u00e9es lastrines traditionnelles, elles sont attach\u00e9es \u00e0 la matrice par des vis, bien qu\u2019i<\/p>\n","protected":false},"author":25,"featured_media":0,"parent":2064,"menu_order":0,"comment_status":"closed","ping_status":"closed","template":"fullwidth.php","meta":{"ngg_post_thumbnail":0,"footnotes":""},"class_list":["post-2070","page","type-page","status-publish","hentry"],"_links":{"self":[{"href":"https:\/\/molcer.com\/fr\/wp-json\/wp\/v2\/pages\/2070","targetHints":{"allow":["GET"]}}],"collection":[{"href":"https:\/\/molcer.com\/fr\/wp-json\/wp\/v2\/pages"}],"about":[{"href":"https:\/\/molcer.com\/fr\/wp-json\/wp\/v2\/types\/page"}],"author":[{"embeddable":true,"href":"https:\/\/molcer.com\/fr\/wp-json\/wp\/v2\/users\/25"}],"replies":[{"embeddable":true,"href":"https:\/\/molcer.com\/fr\/wp-json\/wp\/v2\/comments?post=2070"}],"version-history":[{"count":2,"href":"https:\/\/molcer.com\/fr\/wp-json\/wp\/v2\/pages\/2070\/revisions"}],"predecessor-version":[{"id":2080,"href":"https:\/\/molcer.com\/fr\/wp-json\/wp\/v2\/pages\/2070\/revisions\/2080"}],"up":[{"embeddable":true,"href":"https:\/\/molcer.com\/fr\/wp-json\/wp\/v2\/pages\/2064"}],"wp:attachment":[{"href":"https:\/\/molcer.com\/fr\/wp-json\/wp\/v2\/media?parent=2070"}],"curies":[{"name":"wp","href":"https:\/\/api.w.org\/{rel}","templated":true}]}}