

{"id":2064,"date":"2020-01-15T20:05:48","date_gmt":"2020-01-15T20:05:48","guid":{"rendered":"https:\/\/molcer.com\/produits\/lastrines\/"},"modified":"2020-01-15T20:05:48","modified_gmt":"2020-01-15T20:05:48","slug":"lastrines","status":"publish","type":"page","link":"https:\/\/molcer.com\/fr\/produits\/lastrines\/","title":{"rendered":"Lastrines"},"content":{"rendered":"<blockquote><p>Les lames sont les composants du moule qui sont install\u00e9s \u00e0 l&#8217;int\u00e9rieur de la matrice alv\u00e9oles, d\u00e9limitant le p\u00e9rim\u00e8tre de la cavit\u00e9. Ceux-ci ont plusieurs fonctions, car ils fournissent la forme finale et le profil lat\u00e9ral de la partie press\u00e9e et r\u00e9sistent au stress et \u00e0 l&#8217;usure provoqu\u00e9s par l&#8217;abrasion pendant le pressage. Pour cette raison, dans MOLCER les lames sont faites d&#8217;acier K-100, qui est ensuite trait\u00e9 par la chaleur 60-62 HRC qui augmente leur force.<\/p><\/blockquote>\n","protected":false},"excerpt":{"rendered":"<p>Les lames sont les composants du moule qui sont install\u00e9s \u00e0 l&#8217;int\u00e9rieur de la matrice alv\u00e9oles, d\u00e9limitant le p\u00e9rim\u00e8tre de la cavit\u00e9. Ceux-ci<\/p>\n","protected":false},"author":25,"featured_media":0,"parent":2048,"menu_order":0,"comment_status":"closed","ping_status":"closed","template":"","meta":{"ngg_post_thumbnail":0,"footnotes":""},"class_list":["post-2064","page","type-page","status-publish","hentry"],"_links":{"self":[{"href":"https:\/\/molcer.com\/fr\/wp-json\/wp\/v2\/pages\/2064","targetHints":{"allow":["GET"]}}],"collection":[{"href":"https:\/\/molcer.com\/fr\/wp-json\/wp\/v2\/pages"}],"about":[{"href":"https:\/\/molcer.com\/fr\/wp-json\/wp\/v2\/types\/page"}],"author":[{"embeddable":true,"href":"https:\/\/molcer.com\/fr\/wp-json\/wp\/v2\/users\/25"}],"replies":[{"embeddable":true,"href":"https:\/\/molcer.com\/fr\/wp-json\/wp\/v2\/comments?post=2064"}],"version-history":[{"count":1,"href":"https:\/\/molcer.com\/fr\/wp-json\/wp\/v2\/pages\/2064\/revisions"}],"predecessor-version":[{"id":2065,"href":"https:\/\/molcer.com\/fr\/wp-json\/wp\/v2\/pages\/2064\/revisions\/2065"}],"up":[{"embeddable":true,"href":"https:\/\/molcer.com\/fr\/wp-json\/wp\/v2\/pages\/2048"}],"wp:attachment":[{"href":"https:\/\/molcer.com\/fr\/wp-json\/wp\/v2\/media?parent=2064"}],"curies":[{"name":"wp","href":"https:\/\/api.w.org\/{rel}","templated":true}]}}