

{"id":2061,"date":"2020-01-15T19:56:54","date_gmt":"2020-01-15T19:56:54","guid":{"rendered":"https:\/\/molcer.com\/produits\/chariots\/chariot-lineal\/"},"modified":"2020-01-15T19:57:57","modified_gmt":"2020-01-15T19:57:57","slug":"chariot-lineal","status":"publish","type":"page","link":"https:\/\/molcer.com\/fr\/produits\/chariots\/chariot-lineal\/","title":{"rendered":"Chariot Lineal"},"content":{"rendered":"<p style=\"text-align: center;\">Le va-et-vient est produit par les moteurs qui transmettent le mouvement au chariot au moyen d&#8217;un syst\u00e8me de pignons et des courroies situ\u00e9 dans les lat\u00e9raux. Ces chariots supportent l&#8217;utilisation de grilles<br \/>\nflottantes.<\/p>\n<p>&nbsp;<\/p>\n<p><img loading=\"lazy\" decoding=\"async\" class=\"alignnone wp-image-217\" src=\"http:\/\/molcer.com\/wp-content\/uploads\/2018\/03\/carro_lineal-300x171.jpg\" alt=\"\" width=\"433\" height=\"247\" srcset=\"https:\/\/molcer.com\/wp-content\/uploads\/2018\/03\/carro_lineal-300x171.jpg 300w, https:\/\/molcer.com\/wp-content\/uploads\/2018\/03\/carro_lineal-768x437.jpg 768w, https:\/\/molcer.com\/wp-content\/uploads\/2018\/03\/carro_lineal-1024x583.jpg 1024w, https:\/\/molcer.com\/wp-content\/uploads\/2018\/03\/carro_lineal.jpg 1065w\" sizes=\"auto, (max-width: 433px) 100vw, 433px\" \/><\/p>\n","protected":false},"excerpt":{"rendered":"<p>Le va-et-vient est produit par les moteurs qui transmettent le mouvement au chariot au moyen d&#8217;un syst\u00e8me de pignons et des courroies situ\u00e9 dans le<\/p>\n","protected":false},"author":25,"featured_media":0,"parent":2051,"menu_order":0,"comment_status":"closed","ping_status":"closed","template":"fullwidth.php","meta":{"ngg_post_thumbnail":0,"footnotes":""},"class_list":["post-2061","page","type-page","status-publish","hentry"],"_links":{"self":[{"href":"https:\/\/molcer.com\/fr\/wp-json\/wp\/v2\/pages\/2061","targetHints":{"allow":["GET"]}}],"collection":[{"href":"https:\/\/molcer.com\/fr\/wp-json\/wp\/v2\/pages"}],"about":[{"href":"https:\/\/molcer.com\/fr\/wp-json\/wp\/v2\/types\/page"}],"author":[{"embeddable":true,"href":"https:\/\/molcer.com\/fr\/wp-json\/wp\/v2\/users\/25"}],"replies":[{"embeddable":true,"href":"https:\/\/molcer.com\/fr\/wp-json\/wp\/v2\/comments?post=2061"}],"version-history":[{"count":1,"href":"https:\/\/molcer.com\/fr\/wp-json\/wp\/v2\/pages\/2061\/revisions"}],"predecessor-version":[{"id":2063,"href":"https:\/\/molcer.com\/fr\/wp-json\/wp\/v2\/pages\/2061\/revisions\/2063"}],"up":[{"embeddable":true,"href":"https:\/\/molcer.com\/fr\/wp-json\/wp\/v2\/pages\/2051"}],"wp:attachment":[{"href":"https:\/\/molcer.com\/fr\/wp-json\/wp\/v2\/media?parent=2061"}],"curies":[{"name":"wp","href":"https:\/\/api.w.org\/{rel}","templated":true}]}}