

{"id":2051,"date":"2020-01-15T19:43:53","date_gmt":"2020-01-15T19:43:53","guid":{"rendered":"https:\/\/molcer.com\/produits\/chariots\/"},"modified":"2020-01-15T19:45:10","modified_gmt":"2020-01-15T19:45:10","slug":"chariots","status":"publish","type":"page","link":"https:\/\/molcer.com\/fr\/produits\/chariots\/","title":{"rendered":"Chariots"},"content":{"rendered":"<blockquote><p>Le chariot est le syst\u00e8me qui octroie un mouvement \u00e0 la grille. Il est conform\u00e9 par une base en acier sur laquelle s&#8217;assure la grille, le poussoir et le racleur. En fonction de sa morphologie et du m\u00e9canisme qu&#8217;il dote au chariot de mouvement<\/p><\/blockquote>\n<p>&nbsp;<\/p>\n","protected":false},"excerpt":{"rendered":"<p>Le chariot est le syst\u00e8me qui octroie un mouvement \u00e0 la grille. Il est conform\u00e9 par une base en acier sur laquelle s&#8217;assure la grille, le poussoir<\/p>\n","protected":false},"author":25,"featured_media":0,"parent":2048,"menu_order":0,"comment_status":"closed","ping_status":"closed","template":"","meta":{"ngg_post_thumbnail":0,"footnotes":""},"class_list":["post-2051","page","type-page","status-publish","hentry"],"_links":{"self":[{"href":"https:\/\/molcer.com\/fr\/wp-json\/wp\/v2\/pages\/2051","targetHints":{"allow":["GET"]}}],"collection":[{"href":"https:\/\/molcer.com\/fr\/wp-json\/wp\/v2\/pages"}],"about":[{"href":"https:\/\/molcer.com\/fr\/wp-json\/wp\/v2\/types\/page"}],"author":[{"embeddable":true,"href":"https:\/\/molcer.com\/fr\/wp-json\/wp\/v2\/users\/25"}],"replies":[{"embeddable":true,"href":"https:\/\/molcer.com\/fr\/wp-json\/wp\/v2\/comments?post=2051"}],"version-history":[{"count":1,"href":"https:\/\/molcer.com\/fr\/wp-json\/wp\/v2\/pages\/2051\/revisions"}],"predecessor-version":[{"id":2052,"href":"https:\/\/molcer.com\/fr\/wp-json\/wp\/v2\/pages\/2051\/revisions\/2052"}],"up":[{"embeddable":true,"href":"https:\/\/molcer.com\/fr\/wp-json\/wp\/v2\/pages\/2048"}],"wp:attachment":[{"href":"https:\/\/molcer.com\/fr\/wp-json\/wp\/v2\/media?parent=2051"}],"curies":[{"name":"wp","href":"https:\/\/api.w.org\/{rel}","templated":true}]}}