

{"id":1223,"date":"2018-05-24T19:40:39","date_gmt":"2018-05-24T19:40:39","guid":{"rendered":"http:\/\/molcer.com\/?page_id=1223"},"modified":"2018-05-24T19:40:39","modified_gmt":"2018-05-24T19:40:39","slug":"politica-de-privacidad","status":"publish","type":"page","link":"https:\/\/molcer.com\/fr\/politica-de-privacidad\/","title":{"rendered":"Pol\u00edtica de Privacidad"},"content":{"rendered":"<p>La visita a este sitio Web no implica que el usuario est\u00e9 obligado a facilitar ninguna informaci\u00f3n. En el caso de que el usuario facilite alguna informaci\u00f3n de car\u00e1cter personal, los datos recogidos en este sitio web ser\u00e1n tratados de forma leal y l\u00edcita con sujeci\u00f3n en todo momento a los principios y derechos recogidos en el Reglamento (UE) 2016\/679, de 27 de abril, General de Protecci\u00f3n de Datos (RGPD) y dem\u00e1s normativa aplicable.<\/p>\n<p>En cumplimiento de lo dispuesto en el art\u00edculo 13 del RGPD te informamos de lo siguiente:<\/p>\n<p>Responsabilidad<\/p>\n<p><strong>CIF:\u00a0 <\/strong>A12088274<\/p>\n<p><strong>Domicilio: <\/strong>Pd Cari\u00f1ena, Pol\u00edgono 43 \u00a012540\u00a0 &#8211; (Vila-real) &#8211; Castell\u00f3n<\/p>\n<p><strong>Tel\u00e9fono: <\/strong>964723640<\/p>\n<p><strong>Web: <\/strong>www.molcer.com<\/p>\n<p>\u00bfQu\u00e9 hacemos con tus datos?<\/p>\n<p>&#8211; Apartado\u00a0<strong>&#8220;Registrarse&#8221;<\/strong><br \/>\nLa principal finalidad de dicho tratamiento es la gesti\u00f3n de los usuarios registrados en nuestra web, as\u00ed como el env\u00edo de publicidad relativa a los productos y servicios comercializados por Molcer. Molcer asegura la confidencialidad de los datos aportados y garantiza que, en ning\u00fan caso, ser\u00e1n cedidos para ning\u00fan otro uso sin mediar consentimiento previo y expreso de nuestros usuarios. S\u00f3lo le pediremos aquellos datos necesarios para la prestaci\u00f3n del servicio requerido y \u00fanicamente ser\u00e1n empleados para este fin.<\/p>\n<p>&#8211; Apartado\u00a0<strong>&#8220;Formulario de Contacto de Molcer&#8221;<\/strong><br \/>\nRecogeremos datos con el fin de gestionar las dudas que los clientes puedan tener.<\/p>\n<p><strong>Base jur\u00eddica de los tratamientos<\/strong><\/p>\n<p>Para el env\u00edo de informaci\u00f3n comercial basaremos el tratamiento en su consentimiento, aunque si Vd. ya es cliente podremos enviarle informaci\u00f3n sobre productos similares proporcion\u00e1ndole siempre un medio sencillo y gratuito para darse de baja.<\/p>\n<p>El consentimiento aqu\u00ed prestado por el Titular para comunicaci\u00f3n de datos a terceros tiene car\u00e1cter revocable en todo momento, sin efectos retroactivos.<\/p>\n<p><strong>Destinatarios<\/strong><\/p>\n<p>Molcer asegura la confidencialidad de los datos aportados y garantiza que, en ning\u00fan caso, ser\u00e1n cedidos para ning\u00fan otro uso sin mediar consentimiento previo y expreso de nuestros clientes. S\u00f3lo le pediremos aquellos datos necesarios para la prestaci\u00f3n del servicio requerido y \u00fanicamente ser\u00e1n empleados para este fin.<\/p>\n<p><strong>Derechos de los interesados<\/strong><\/p>\n<p>El interesado tiene los siguientes derechos:<\/p>\n<ul>\n<li>Podr\u00e1 solicitar informaci\u00f3n sobre los datos de car\u00e1cter personal almacenados que le conciernan (acceso)<\/li>\n<li>Podr\u00e1 solicitar que se corrija la inexactitud de sus datos personales. (rectificaci\u00f3n)<\/li>\n<li>Podr\u00e1 solicitar la eliminaci\u00f3n o limitaci\u00f3n del tratamiento de sus datos personales y (supresi\u00f3n y limitaci\u00f3n)<\/li>\n<li>Tambi\u00e9n podr\u00e1 solicitar que se le pongan a disposici\u00f3n sus datos personales en un formato estructurado, corriente y de lectura mec\u00e1nica. (portabilidad)<\/li>\n<\/ul>\n<p>Para ello deber\u00e1 dirigirse por escrito adjuntando una copia del DNI o documento que le identifique, a la direcci\u00f3n anteriormente descrita en el apartado responsabilidad. Al correo lopd@molcer.com<\/p>\n<p>El interesado tambi\u00e9n tiene derecho a presentar una reclamaci\u00f3n ante las autoridades de protecci\u00f3n de datos (Agencia Espa\u00f1ola de Protecci\u00f3n de Datos). No obstante, cualquier cuesti\u00f3n relacionada con los datos le invitamos a contactar con nosotros para solucionarla.<\/p>\n<p><strong>Delegado de protecci\u00f3n de datos<\/strong><\/p>\n<p>Hemos designado un delegado de protecci\u00f3n de datos (DPO) para cualquier cuesti\u00f3n relacionada con sus datos personales. Puede contactar con \u00e9l a trav\u00e9s de la direcci\u00f3n lopd@molcer.com<\/p>\n<p><strong>Calidad de los datos<\/strong><\/p>\n<p>Los usuarios deber\u00e1n garantizar la veracidad, exactitud, autenticidad y vigencia de los datos de car\u00e1cter personal que les hayan sido recogidos.<\/p>\n<p><strong>Protecci\u00f3n de los menores<\/strong><\/p>\n<p>No recogemos datos personales de menores. Es responsabilidad del padre\/madre\/tutor legal velar por para la privacidad de los menores, haciendo todo lo posible para asegurar que han autorizado la recogida y el uso de los datos personales del menor.<\/p>\n<p>&nbsp;<\/p>\n<p><strong>Actualizado: 25 de mayo de 2018<\/strong><\/p>\n<p>&nbsp;<\/p>\n","protected":false},"excerpt":{"rendered":"<p>La visita a este sitio Web no implica que el usuario est\u00e9 obligado a facilitar ninguna informaci\u00f3n. En el caso de que el usuario facilite alguna informac<\/p>\n","protected":false},"author":25,"featured_media":0,"parent":0,"menu_order":0,"comment_status":"closed","ping_status":"closed","template":"","meta":{"ngg_post_thumbnail":0,"footnotes":""},"class_list":["post-1223","page","type-page","status-publish","hentry"],"_links":{"self":[{"href":"https:\/\/molcer.com\/fr\/wp-json\/wp\/v2\/pages\/1223","targetHints":{"allow":["GET"]}}],"collection":[{"href":"https:\/\/molcer.com\/fr\/wp-json\/wp\/v2\/pages"}],"about":[{"href":"https:\/\/molcer.com\/fr\/wp-json\/wp\/v2\/types\/page"}],"author":[{"embeddable":true,"href":"https:\/\/molcer.com\/fr\/wp-json\/wp\/v2\/users\/25"}],"replies":[{"embeddable":true,"href":"https:\/\/molcer.com\/fr\/wp-json\/wp\/v2\/comments?post=1223"}],"version-history":[{"count":1,"href":"https:\/\/molcer.com\/fr\/wp-json\/wp\/v2\/pages\/1223\/revisions"}],"predecessor-version":[{"id":1224,"href":"https:\/\/molcer.com\/fr\/wp-json\/wp\/v2\/pages\/1223\/revisions\/1224"}],"wp:attachment":[{"href":"https:\/\/molcer.com\/fr\/wp-json\/wp\/v2\/media?parent=1223"}],"curies":[{"name":"wp","href":"https:\/\/api.w.org\/{rel}","templated":true}]}}